{"id":2075,"date":"2023-10-21T01:26:24","date_gmt":"2023-10-21T01:26:24","guid":{"rendered":"https:\/\/angolaemb-se.org\/?page_id=2075"},"modified":"2023-11-16T22:29:47","modified_gmt":"2023-11-16T22:29:47","slug":"presidente","status":"publish","type":"page","link":"https:\/\/angolaemb-se.org\/?page_id=2075","title":{"rendered":"PRESIDENTE DA REP\u00daBLICA"},"content":{"rendered":"\t\t<div data-elementor-type=\"wp-page\" data-elementor-id=\"2075\" class=\"elementor elementor-2075\">\n\t\t\t\t<div class=\"elementor-element elementor-element-b2558cb e-flex e-con-boxed e-con e-parent\" data-id=\"b2558cb\" data-element_type=\"container\" data-e-type=\"container\">\n\t\t\t\t\t<div class=\"e-con-inner\">\n\t\t<div class=\"elementor-element elementor-element-f1bfaa9 e-con-full e-flex e-con e-child\" data-id=\"f1bfaa9\" data-element_type=\"container\" data-e-type=\"container\">\n\t\t\t\t<div class=\"elementor-element elementor-element-248acd4 elementor-widget elementor-widget-image\" data-id=\"248acd4\" data-element_type=\"widget\" data-e-type=\"widget\" data-widget_type=\"image.default\">\n\t\t\t\t<div class=\"elementor-widget-container\">\n\t\t\t\t\t\t\t\t\t\t\t\t\t\t\t<img fetchpriority=\"high\" decoding=\"async\" width=\"640\" height=\"885\" src=\"https:\/\/angolaemb-se.org\/wp-content\/uploads\/2023\/10\/Joao_Lourenco_2023.jpeg\" class=\"attachment-large size-large wp-image-2077\" alt=\"\" srcset=\"https:\/\/angolaemb-se.org\/wp-content\/uploads\/2023\/10\/Joao_Lourenco_2023.jpeg 640w, https:\/\/angolaemb-se.org\/wp-content\/uploads\/2023\/10\/Joao_Lourenco_2023-205x284.jpeg 205w\" sizes=\"(max-width: 640px) 100vw, 640px\" \/>\t\t\t\t\t\t\t\t\t\t\t\t\t\t\t<\/div>\n\t\t\t\t<\/div>\n\t\t\t\t<div class=\"elementor-element elementor-element-a08c791 elementor-widget elementor-widget-heading\" data-id=\"a08c791\" data-element_type=\"widget\" data-e-type=\"widget\" data-widget_type=\"heading.default\">\n\t\t\t\t<div class=\"elementor-widget-container\">\n\t\t\t\t\t<h2 class=\"elementor-heading-title elementor-size-medium\">JO\u00c3O MANUEL GON\u00c7ALVES LOUREN\u00c7O<\/h2>\t\t\t\t<\/div>\n\t\t\t\t<\/div>\n\t\t\t\t<div class=\"elementor-element elementor-element-128a990 elementor-widget elementor-widget-heading\" data-id=\"128a990\" data-element_type=\"widget\" data-e-type=\"widget\" data-widget_type=\"heading.default\">\n\t\t\t\t<div class=\"elementor-widget-container\">\n\t\t\t\t\t<h2 class=\"elementor-heading-title elementor-size-small\">PRESIDENTE DA REP\u00daBLICA DE ANGOLA<\/h2>\t\t\t\t<\/div>\n\t\t\t\t<\/div>\n\t\t\t\t<\/div>\n\t\t<div class=\"elementor-element elementor-element-75640a6 e-con-full e-flex e-con e-child\" data-id=\"75640a6\" data-element_type=\"container\" data-e-type=\"container\">\n\t\t\t\t<div class=\"elementor-element elementor-element-71fe851 elementor-widget elementor-widget-text-editor\" data-id=\"71fe851\" data-element_type=\"widget\" data-e-type=\"widget\" data-widget_type=\"text-editor.default\">\n\t\t\t\t<div class=\"elementor-widget-container\">\n\t\t\t\t\t\t\t\t\t<div class=\"indent_title_in\"><h3>Biografia<\/h3><\/div><div class=\"wrapper_indent\"><div class=\"row\"><div class=\"col-lg-12\"><p align=\"justify\">O cidad\u00e3o Jo\u00e3o Manuel Gon\u00e7alves Louren\u00e7o nasceu no dia 5 de Mar\u00e7o de 1954, na cidade do Lobito, prov\u00edncia de Benguela, filho de Sequeira Jo\u00e3o Louren\u00e7o, enfermeiro, e de Josefa Gon\u00e7alves Cipriano Louren\u00e7o, costureira, ambos falecidos. \u00c9 casado com Ana Afonso Dias Louren\u00e7o e pai de seis filhos.<\/p><p align=\"justify\">Fez os estudos prim\u00e1rios e secund\u00e1rios na prov\u00edncia do Bi\u00e9 e tamb\u00e9m na cidade capital, na antiga Escola Industrial de Luanda e no Instituto Industrial de Luanda. De 1978 a 1982, recebeu na ent\u00e3o Uni\u00e3o Sovi\u00e9tica forma\u00e7\u00e3o militar, tendo-se especializado em artilharia pesada. \u00a0Nesse pa\u00eds, obteve igualmente o grau acad\u00e9mico de Mestre em Ci\u00eancias Hist\u00f3ricas. Tem o dom\u00ednio fluente do ingl\u00eas, do russo e do espanhol.<\/p><p align=\"justify\">Participou a partir de Agosto de 1974 na luta de Liberta\u00e7\u00e3o Nacional, conduzida pelo MPLA, tendo feito a sua primeira instru\u00e7\u00e3o pol\u00edtico-militar no Centro de Instru\u00e7\u00e3o Revolucion\u00e1ria \u2013 CIR \u2018Kalunga\u2019 \u2013 no Congo Brazzaville. Integrou o primeiro grupo de combatentes do MPLA que em 1974 entrou em territ\u00f3rio nacional, via Miconge, em direc\u00e7\u00e3o \u00e0 cidade de Cabinda.<\/p><p align=\"justify\">Nas v\u00e9speras da Independ\u00eancia, participou em combates em Nt\u00f3-Iema, na prov\u00edncia de Cabinda, e em outras localidades, contra a invas\u00e3o do ex\u00e9rcito zairense que pretendia ocupar o territ\u00f3rio daquela prov\u00edncia de Angola. Exerceu tamb\u00e9m as fun\u00e7\u00f5es de Comiss\u00e1rio Pol\u00edtico das ent\u00e3o For\u00e7as Armadas Populares de Liberta\u00e7\u00e3o de Angola (FAPLA) em diversos escal\u00f5es, incluindo a de Comiss\u00e1rio Pol\u00edtico da 2\u00aa Regi\u00e3o Pol\u00edtico-Militar de Cabinda<\/p><p align=\"justify\">Durante a d\u00e9cada de 80 do s\u00e9culo XX, participou em v\u00e1rias opera\u00e7\u00f5es militares no centro do pa\u00eds, nomeadamente nas prov\u00edncias do Cuanza Sul, Huambo e Bi\u00e9. Em 1983 exerceu a Presid\u00eancia do Conselho Militar Regional da 3\u00aa Regi\u00e3o Pol\u00edtico-Militar. Nas For\u00e7as Armadas, desempenhou ainda as fun\u00e7\u00f5es de Chefe da Direc\u00e7\u00e3o Pol\u00edtica das FAPLA, de 1989 a 1990. Actualmente \u00e9 General-de-Tr\u00eas-Estrelas, na reserva, das For\u00e7as Armadas Angolanas (FAA).<\/p><p align=\"justify\">Integra o Comit\u00e9 Central do MPLA desde 1985, \u00e9 membro do seu Bureau Pol\u00edtico desde 1990 e, na sequ\u00eancia do VII Congresso Ordin\u00e1rio do MPLA, realizado em 2016, foi eleito Vice-Presidente do MPLA. Anteriormente, j\u00e1 tinha desempenhado as fun\u00e7\u00f5es de 1\u00ba Secret\u00e1rio do Bureau Pol\u00edtico e tamb\u00e9m Secret\u00e1rio do Bureau Pol\u00edtico do MPLA para a Informa\u00e7\u00e3o e para a Esfera Econ\u00f3mica e Social.<\/p><p align=\"justify\">No dom\u00ednio das fun\u00e7\u00f5es governativas, foi nomeado em 1983, aos 29 anos de idade, para exercer o cargo de Comiss\u00e1rio Provincial do Moxico, equivalente ao cargo actual de Governador de Prov\u00edncia. Foi posteriormente, de 1986 a 1989, Comiss\u00e1rio Provincial de Benguela. Em 2014, por Decreto Presidencial, foi nomeado Ministro da Defesa Nacional, cargo que exerceu at\u00e9 ao in\u00edcio da campanha eleitoral de 2017.<\/p><p align=\"justify\">Ao n\u00edvel parlamentar, o cidad\u00e3o Jo\u00e3o Louren\u00e7o foi Presidente do Grupo Parlamentar do MPLA, de 1991 a 1998, e posteriormente Presidente da Comiss\u00e3o Constitucional da Assembleia Nacional, tendo desempenhado as fun\u00e7\u00f5es de 1\u00ba Vice-Presidente da Assembleia Nacional, de 2003 a 2014.<\/p><p align=\"justify\">O cidad\u00e3o Jo\u00e3o Louren\u00e7o tem como passatempo a leitura, o xadrez, a equita\u00e7\u00e3o e \u00e9 um apaixonado pelas novas Tecnologias de Informa\u00e7\u00e3o.<\/p><\/div><\/div><\/div>\t\t\t\t\t\t\t\t<\/div>\n\t\t\t\t<\/div>\n\t\t\t\t<\/div>\n\t\t\t\t\t<\/div>\n\t\t\t\t<\/div>\n\t\t<div class=\"elementor-element elementor-element-99b6c1a e-flex e-con-boxed e-con e-parent\" data-id=\"99b6c1a\" data-element_type=\"container\" data-e-type=\"container\">\n\t\t\t\t\t<div class=\"e-con-inner\">\n\t\t\t\t<div class=\"elementor-element elementor-element-f4b9665 elementor-widget elementor-widget-image\" data-id=\"f4b9665\" data-element_type=\"widget\" data-e-type=\"widget\" data-widget_type=\"image.default\">\n\t\t\t\t<div class=\"elementor-widget-container\">\n\t\t\t\t\t\t\t\t\t\t\t\t\t\t\t\t<a href=\"https:\/\/www.governo.gov.ao\/biografia\/presid%C3%AAncia\/jo%C3%A3o-manuel-gon%C3%A7alves-louren%C3%A7o\">\n\t\t\t\t\t\t\t<img decoding=\"async\" width=\"400\" height=\"45\" src=\"https:\/\/angolaemb-se.org\/wp-content\/uploads\/2023\/10\/gov_angola-400x45.png\" class=\"attachment-medium size-medium wp-image-2101\" alt=\"\" srcset=\"https:\/\/angolaemb-se.org\/wp-content\/uploads\/2023\/10\/gov_angola-400x45.png 400w, https:\/\/angolaemb-se.org\/wp-content\/uploads\/2023\/10\/gov_angola-1024x116.png 1024w, https:\/\/angolaemb-se.org\/wp-content\/uploads\/2023\/10\/gov_angola-768x87.png 768w, https:\/\/angolaemb-se.org\/wp-content\/uploads\/2023\/10\/gov_angola-1536x174.png 1536w, https:\/\/angolaemb-se.org\/wp-content\/uploads\/2023\/10\/gov_angola-2048x233.png 2048w\" sizes=\"(max-width: 400px) 100vw, 400px\" \/>\t\t\t\t\t\t\t\t<\/a>\n\t\t\t\t\t\t\t\t\t\t\t\t\t\t\t<\/div>\n\t\t\t\t<\/div>\n\t\t\t\t\t<\/div>\n\t\t\t\t<\/div>\n\t\t\t\t<\/div>\n\t\t","protected":false},"excerpt":{"rendered":"<p>JO\u00c3O MANUEL GON\u00c7ALVES LOUREN\u00c7O PRESIDENTE DA REP\u00daBLICA DE ANGOLA Biografia O cidad\u00e3o Jo\u00e3o Manuel Gon\u00e7alves Louren\u00e7o nasceu no dia 5 de Mar\u00e7o de 1954, na cidade do Lobito, prov\u00edncia de Benguela, filho de Sequeira Jo\u00e3o Louren\u00e7o, enfermeiro, e de Josefa Gon\u00e7alves Cipriano Louren\u00e7o, costureira, ambos falecidos. \u00c9 casado com Ana Afonso Dias Louren\u00e7o e pai&hellip;<\/p>\n","protected":false},"author":1,"featured_media":0,"parent":0,"menu_order":0,"comment_status":"closed","ping_status":"closed","template":"","meta":{"om_disable_all_campaigns":false,"_themeisle_gutenberg_block_has_review":false,"_mc_calendar":[],"footnotes":""},"class_list":["post-2075","page","type-page","status-publish","hentry"],"aioseo_notices":[],"_links":{"self":[{"href":"https:\/\/angolaemb-se.org\/index.php?rest_route=\/wp\/v2\/pages\/2075","targetHints":{"allow":["GET"]}}],"collection":[{"href":"https:\/\/angolaemb-se.org\/index.php?rest_route=\/wp\/v2\/pages"}],"about":[{"href":"https:\/\/angolaemb-se.org\/index.php?rest_route=\/wp\/v2\/types\/page"}],"author":[{"embeddable":true,"href":"https:\/\/angolaemb-se.org\/index.php?rest_route=\/wp\/v2\/users\/1"}],"replies":[{"embeddable":true,"href":"https:\/\/angolaemb-se.org\/index.php?rest_route=%2Fwp%2Fv2%2Fcomments&post=2075"}],"version-history":[{"count":40,"href":"https:\/\/angolaemb-se.org\/index.php?rest_route=\/wp\/v2\/pages\/2075\/revisions"}],"predecessor-version":[{"id":3039,"href":"https:\/\/angolaemb-se.org\/index.php?rest_route=\/wp\/v2\/pages\/2075\/revisions\/3039"}],"wp:attachment":[{"href":"https:\/\/angolaemb-se.org\/index.php?rest_route=%2Fwp%2Fv2%2Fmedia&parent=2075"}],"curies":[{"name":"wp","href":"https:\/\/api.w.org\/{rel}","templated":true}]}}