{"id":2197,"date":"2023-10-21T17:55:51","date_gmt":"2023-10-21T17:55:51","guid":{"rendered":"https:\/\/angolaemb-se.org\/?page_id=2197"},"modified":"2024-09-28T14:50:43","modified_gmt":"2024-09-28T14:50:43","slug":"galeria","status":"publish","type":"page","link":"https:\/\/angolaemb-se.org\/?page_id=2197","title":{"rendered":"GALERIA DOS EMBAIXADORES"},"content":{"rendered":"\t\t<div data-elementor-type=\"wp-page\" data-elementor-id=\"2197\" class=\"elementor elementor-2197\">\n\t\t\t\t<div class=\"elementor-element elementor-element-f79f8e8 e-con-full e-flex e-con e-parent\" data-id=\"f79f8e8\" data-element_type=\"container\" data-e-type=\"container\">\n\t\t<div class=\"elementor-element elementor-element-814fdb3 e-con-full e-flex e-con e-child\" data-id=\"814fdb3\" data-element_type=\"container\" data-e-type=\"container\">\n\t\t\t\t<div class=\"elementor-element elementor-element-4b27736 elementor-widget__width-initial elementor-widget elementor-widget-image\" data-id=\"4b27736\" data-element_type=\"widget\" data-e-type=\"widget\" data-widget_type=\"image.default\">\n\t\t\t\t<div class=\"elementor-widget-container\">\n\t\t\t\t\t\t\t\t\t\t\t\t\t\t\t<img fetchpriority=\"high\" decoding=\"async\" width=\"400\" height=\"259\" src=\"https:\/\/angolaemb-se.org\/wp-content\/uploads\/2023\/10\/Maria-Haller.png\" class=\"attachment-1536x1536 size-1536x1536 wp-image-2320\" alt=\"\" \/>\t\t\t\t\t\t\t\t\t\t\t\t\t\t\t<\/div>\n\t\t\t\t<\/div>\n\t\t\t\t<\/div>\n\t\t<div class=\"elementor-element elementor-element-c404356 e-con-full e-flex e-con e-child\" data-id=\"c404356\" data-element_type=\"container\" data-e-type=\"container\">\n\t\t\t\t<div class=\"elementor-element elementor-element-af7ada2 elementor-widget__width-initial elementor-widget elementor-widget-image\" data-id=\"af7ada2\" data-element_type=\"widget\" data-e-type=\"widget\" data-widget_type=\"image.default\">\n\t\t\t\t<div class=\"elementor-widget-container\">\n\t\t\t\t\t\t\t\t\t\t\t\t\t\t\t<img decoding=\"async\" width=\"400\" height=\"262\" src=\"https:\/\/angolaemb-se.org\/wp-content\/uploads\/2023\/10\/Garcia-Vaz-Contreiras.png\" class=\"attachment-large size-large wp-image-2321\" alt=\"\" \/>\t\t\t\t\t\t\t\t\t\t\t\t\t\t\t<\/div>\n\t\t\t\t<\/div>\n\t\t\t\t<\/div>\n\t\t<div class=\"elementor-element elementor-element-2966f4d e-con-full e-flex e-con e-child\" data-id=\"2966f4d\" data-element_type=\"container\" data-e-type=\"container\">\n\t\t\t\t<div class=\"elementor-element elementor-element-3034579 elementor-widget__width-initial elementor-widget elementor-widget-image\" data-id=\"3034579\" data-element_type=\"widget\" data-e-type=\"widget\" data-widget_type=\"image.default\">\n\t\t\t\t<div class=\"elementor-widget-container\">\n\t\t\t\t\t\t\t\t\t\t\t\t\t\t\t<img decoding=\"async\" width=\"400\" height=\"262\" src=\"https:\/\/angolaemb-se.org\/wp-content\/uploads\/2023\/10\/Josefina-Pitra-Diakite.png\" class=\"attachment-large size-large wp-image-2322\" alt=\"\" \/>\t\t\t\t\t\t\t\t\t\t\t\t\t\t\t<\/div>\n\t\t\t\t<\/div>\n\t\t\t\t<\/div>\n\t\t<div class=\"elementor-element elementor-element-3b0bcba e-con-full e-flex e-con e-child\" data-id=\"3b0bcba\" data-element_type=\"container\" data-e-type=\"container\">\n\t\t\t\t<div class=\"elementor-element elementor-element-6182c95 elementor-widget elementor-widget-image\" data-id=\"6182c95\" data-element_type=\"widget\" data-e-type=\"widget\" data-widget_type=\"image.default\">\n\t\t\t\t<div class=\"elementor-widget-container\">\n\t\t\t\t\t\t\t\t\t\t\t\t\t\t\t<img loading=\"lazy\" decoding=\"async\" width=\"400\" height=\"260\" src=\"https:\/\/angolaemb-se.org\/wp-content\/uploads\/2023\/10\/Leovigildo-da-Costa-e-Silva-1.png\" class=\"attachment-large size-large wp-image-2335\" alt=\"\" \/>\t\t\t\t\t\t\t\t\t\t\t\t\t\t\t<\/div>\n\t\t\t\t<\/div>\n\t\t\t\t<\/div>\n\t\t\t\t<\/div>\n\t\t<div class=\"elementor-element elementor-element-ac60a74 e-con-full e-flex e-con e-parent\" data-id=\"ac60a74\" data-element_type=\"container\" data-e-type=\"container\">\n\t\t<div class=\"elementor-element elementor-element-fbf4095 e-con-full e-flex e-con e-child\" data-id=\"fbf4095\" data-element_type=\"container\" data-e-type=\"container\">\n\t\t\t\t<div class=\"elementor-element elementor-element-d15590b elementor-widget elementor-widget-image\" data-id=\"d15590b\" data-element_type=\"widget\" data-e-type=\"widget\" data-widget_type=\"image.default\">\n\t\t\t\t<div class=\"elementor-widget-container\">\n\t\t\t\t\t\t\t\t\t\t\t\t\t\t\t<img loading=\"lazy\" decoding=\"async\" width=\"400\" height=\"260\" src=\"https:\/\/angolaemb-se.org\/wp-content\/uploads\/2023\/10\/Domingos-Culolo.png\" class=\"attachment-large size-large wp-image-2324\" alt=\"\" \/>\t\t\t\t\t\t\t\t\t\t\t\t\t\t\t<\/div>\n\t\t\t\t<\/div>\n\t\t\t\t<\/div>\n\t\t<div class=\"elementor-element elementor-element-909deb8 e-con-full e-flex e-con e-child\" data-id=\"909deb8\" data-element_type=\"container\" data-e-type=\"container\">\n\t\t\t\t<div class=\"elementor-element elementor-element-5ac7a32 elementor-widget elementor-widget-image\" data-id=\"5ac7a32\" data-element_type=\"widget\" data-e-type=\"widget\" data-widget_type=\"image.default\">\n\t\t\t\t<div class=\"elementor-widget-container\">\n\t\t\t\t\t\t\t\t\t\t\t\t\t\t\t<img loading=\"lazy\" decoding=\"async\" width=\"400\" height=\"260\" src=\"https:\/\/angolaemb-se.org\/wp-content\/uploads\/2023\/10\/Brito-Antonio-Sozinho.png\" class=\"attachment-large size-large wp-image-2325\" alt=\"\" \/>\t\t\t\t\t\t\t\t\t\t\t\t\t\t\t<\/div>\n\t\t\t\t<\/div>\n\t\t\t\t<div class=\"elementor-element elementor-element-f7437be elementor-widget elementor-widget-spacer\" data-id=\"f7437be\" data-element_type=\"widget\" data-e-type=\"widget\" data-widget_type=\"spacer.default\">\n\t\t\t\t<div class=\"elementor-widget-container\">\n\t\t\t\t\t\t\t<div class=\"elementor-spacer\">\n\t\t\t<div class=\"elementor-spacer-inner\"><\/div>\n\t\t<\/div>\n\t\t\t\t\t\t<\/div>\n\t\t\t\t<\/div>\n\t\t\t\t<\/div>\n\t\t<div class=\"elementor-element elementor-element-30ed3ab e-con-full e-flex e-con e-child\" data-id=\"30ed3ab\" data-element_type=\"container\" data-e-type=\"container\">\n\t\t\t\t<div class=\"elementor-element elementor-element-45971aa elementor-widget elementor-widget-image\" data-id=\"45971aa\" data-element_type=\"widget\" data-e-type=\"widget\" data-widget_type=\"image.default\">\n\t\t\t\t<div class=\"elementor-widget-container\">\n\t\t\t\t\t\t\t\t\t\t\t\t\t\t\t<img loading=\"lazy\" decoding=\"async\" width=\"400\" height=\"261\" src=\"https:\/\/angolaemb-se.org\/wp-content\/uploads\/2023\/10\/Isaias-Jaime-Vilinga.png\" class=\"attachment-large size-large wp-image-2326\" alt=\"\" \/>\t\t\t\t\t\t\t\t\t\t\t\t\t\t\t<\/div>\n\t\t\t\t<\/div>\n\t\t\t\t<\/div>\n\t\t<div class=\"elementor-element elementor-element-ebcca69 e-con-full e-flex e-con e-child\" data-id=\"ebcca69\" data-element_type=\"container\" data-e-type=\"container\">\n\t\t\t\t<div class=\"elementor-element elementor-element-1e4afd0 elementor-widget elementor-widget-image\" data-id=\"1e4afd0\" data-element_type=\"widget\" data-e-type=\"widget\" data-widget_type=\"image.default\">\n\t\t\t\t<div class=\"elementor-widget-container\">\n\t\t\t\t\t\t\t\t\t\t\t\t\t\t\t<img loading=\"lazy\" decoding=\"async\" width=\"400\" height=\"260\" src=\"https:\/\/angolaemb-se.org\/wp-content\/uploads\/2023\/10\/Apolinario-Correia-1.png\" class=\"attachment-large size-large wp-image-2327\" alt=\"\" \/>\t\t\t\t\t\t\t\t\t\t\t\t\t\t\t<\/div>\n\t\t\t\t<\/div>\n\t\t\t\t<\/div>\n\t\t\t\t<\/div>\n\t\t<div class=\"elementor-element elementor-element-96a47ab e-con-full e-flex e-con e-parent\" data-id=\"96a47ab\" data-element_type=\"container\" data-e-type=\"container\">\n\t\t<div class=\"elementor-element elementor-element-5d5ee3f e-con-full e-flex e-con e-child\" data-id=\"5d5ee3f\" data-element_type=\"container\" data-e-type=\"container\">\n\t\t\t\t<div class=\"elementor-element elementor-element-28d5789 elementor-widget elementor-widget-image\" data-id=\"28d5789\" data-element_type=\"widget\" data-e-type=\"widget\" data-widget_type=\"image.default\">\n\t\t\t\t<div class=\"elementor-widget-container\">\n\t\t\t\t\t\t\t\t\t\t\t\t\t\t\t<img loading=\"lazy\" decoding=\"async\" width=\"1024\" height=\"683\" src=\"https:\/\/angolaemb-se.org\/wp-content\/uploads\/2016\/01\/WhatsApp-Image-2023-10-15-at-23.35.40-1-1024x683.jpeg\" class=\"attachment-large size-large wp-image-2037\" alt=\"\" srcset=\"https:\/\/angolaemb-se.org\/wp-content\/uploads\/2016\/01\/WhatsApp-Image-2023-10-15-at-23.35.40-1-1024x683.jpeg 1024w, https:\/\/angolaemb-se.org\/wp-content\/uploads\/2016\/01\/WhatsApp-Image-2023-10-15-at-23.35.40-1-300x200.jpeg 300w, https:\/\/angolaemb-se.org\/wp-content\/uploads\/2016\/01\/WhatsApp-Image-2023-10-15-at-23.35.40-1-768x512.jpeg 768w, https:\/\/angolaemb-se.org\/wp-content\/uploads\/2016\/01\/WhatsApp-Image-2023-10-15-at-23.35.40-1-1536x1024.jpeg 1536w, https:\/\/angolaemb-se.org\/wp-content\/uploads\/2016\/01\/WhatsApp-Image-2023-10-15-at-23.35.40-1.jpeg 1600w\" sizes=\"(max-width: 1024px) 100vw, 1024px\" \/>\t\t\t\t\t\t\t\t\t\t\t\t\t\t\t<\/div>\n\t\t\t\t<\/div>\n\t\t\t\t<\/div>\n\t\t<div class=\"elementor-element elementor-element-3e1ba3e e-con-full e-flex e-con e-child\" data-id=\"3e1ba3e\" data-element_type=\"container\" data-e-type=\"container\">\n\t\t\t\t<div class=\"elementor-element elementor-element-bb9160a elementor-widget elementor-widget-image\" data-id=\"bb9160a\" data-element_type=\"widget\" data-e-type=\"widget\" data-widget_type=\"image.default\">\n\t\t\t\t<div class=\"elementor-widget-container\">\n\t\t\t\t\t\t\t\t\t\t\t\t\t\t\t<img loading=\"lazy\" decoding=\"async\" width=\"1024\" height=\"682\" src=\"https:\/\/angolaemb-se.org\/wp-content\/uploads\/2016\/01\/WhatsApp-Image-2023-10-18-at-23.56.15-5-1024x682.jpeg\" class=\"attachment-large size-large wp-image-2038\" alt=\"\" srcset=\"https:\/\/angolaemb-se.org\/wp-content\/uploads\/2016\/01\/WhatsApp-Image-2023-10-18-at-23.56.15-5-1024x682.jpeg 1024w, https:\/\/angolaemb-se.org\/wp-content\/uploads\/2016\/01\/WhatsApp-Image-2023-10-18-at-23.56.15-5-300x200.jpeg 300w, https:\/\/angolaemb-se.org\/wp-content\/uploads\/2016\/01\/WhatsApp-Image-2023-10-18-at-23.56.15-5-768x512.jpeg 768w, https:\/\/angolaemb-se.org\/wp-content\/uploads\/2016\/01\/WhatsApp-Image-2023-10-18-at-23.56.15-5-1536x1023.jpeg 1536w, https:\/\/angolaemb-se.org\/wp-content\/uploads\/2016\/01\/WhatsApp-Image-2023-10-18-at-23.56.15-5.jpeg 1600w\" sizes=\"(max-width: 1024px) 100vw, 1024px\" \/>\t\t\t\t\t\t\t\t\t\t\t\t\t\t\t<\/div>\n\t\t\t\t<\/div>\n\t\t\t\t<\/div>\n\t\t<div class=\"elementor-element elementor-element-952a11e e-con-full e-flex e-con e-child\" data-id=\"952a11e\" data-element_type=\"container\" data-e-type=\"container\">\n\t\t\t\t<div class=\"elementor-element elementor-element-6862f5c elementor-widget elementor-widget-image\" data-id=\"6862f5c\" data-element_type=\"widget\" data-e-type=\"widget\" data-widget_type=\"image.default\">\n\t\t\t\t<div class=\"elementor-widget-container\">\n\t\t\t\t\t\t\t\t\t\t\t\t\t\t\t<img loading=\"lazy\" decoding=\"async\" width=\"768\" height=\"543\" src=\"https:\/\/angolaemb-se.org\/wp-content\/uploads\/2016\/01\/WhatsApp-Image-2023-10-18-at-23.56.16-2-768x543.jpeg\" class=\"attachment-medium_large size-medium_large wp-image-2035\" alt=\"\" srcset=\"https:\/\/angolaemb-se.org\/wp-content\/uploads\/2016\/01\/WhatsApp-Image-2023-10-18-at-23.56.16-2-768x543.jpeg 768w, https:\/\/angolaemb-se.org\/wp-content\/uploads\/2016\/01\/WhatsApp-Image-2023-10-18-at-23.56.16-2-300x212.jpeg 300w, https:\/\/angolaemb-se.org\/wp-content\/uploads\/2016\/01\/WhatsApp-Image-2023-10-18-at-23.56.16-2-1024x724.jpeg 1024w, https:\/\/angolaemb-se.org\/wp-content\/uploads\/2016\/01\/WhatsApp-Image-2023-10-18-at-23.56.16-2-1536x1086.jpeg 1536w, https:\/\/angolaemb-se.org\/wp-content\/uploads\/2016\/01\/WhatsApp-Image-2023-10-18-at-23.56.16-2.jpeg 1600w\" sizes=\"(max-width: 768px) 100vw, 768px\" \/>\t\t\t\t\t\t\t\t\t\t\t\t\t\t\t<\/div>\n\t\t\t\t<\/div>\n\t\t\t\t<div class=\"elementor-element elementor-element-e92f4b2 elementor-widget elementor-widget-heading\" data-id=\"e92f4b2\" data-element_type=\"widget\" data-e-type=\"widget\" data-widget_type=\"heading.default\">\n\t\t\t\t<div class=\"elementor-widget-container\">\n\t\t\t\t\t<h2 class=\"elementor-heading-title elementor-size-small\">ACREDITA\u00c7\u00c3O DA EMBAIXADORA DA REP\u00daBLICA DE ANGOLA NO REINO DA SU\u00c9CIA (06\/09\/2023)<\/h2>\t\t\t\t<\/div>\n\t\t\t\t<\/div>\n\t\t\t\t<\/div>\n\t\t\t\t<\/div>\n\t\t<div class=\"elementor-element elementor-element-02ee9b8 e-flex e-con-boxed e-con e-parent\" data-id=\"02ee9b8\" data-element_type=\"container\" data-e-type=\"container\">\n\t\t\t\t\t<div class=\"e-con-inner\">\n\t\t\t\t<div class=\"elementor-element elementor-element-48c459d elementor-widget elementor-widget-image\" data-id=\"48c459d\" data-element_type=\"widget\" data-e-type=\"widget\" data-widget_type=\"image.default\">\n\t\t\t\t<div class=\"elementor-widget-container\">\n\t\t\t\t\t\t\t\t\t\t\t\t\t\t\t<img loading=\"lazy\" decoding=\"async\" width=\"768\" height=\"418\" src=\"https:\/\/angolaemb-se.org\/wp-content\/uploads\/2024\/04\/Angola-vs-Finlandia-2-768x418.png\" class=\"attachment-medium_large size-medium_large wp-image-3234\" alt=\"\" srcset=\"https:\/\/angolaemb-se.org\/wp-content\/uploads\/2024\/04\/Angola-vs-Finlandia-2-768x418.png 768w, https:\/\/angolaemb-se.org\/wp-content\/uploads\/2024\/04\/Angola-vs-Finlandia-2-400x218.png 400w, https:\/\/angolaemb-se.org\/wp-content\/uploads\/2024\/04\/Angola-vs-Finlandia-2.png 1013w\" sizes=\"(max-width: 768px) 100vw, 768px\" \/>\t\t\t\t\t\t\t\t\t\t\t\t\t\t\t<\/div>\n\t\t\t\t<\/div>\n\t\t\t\t<div class=\"elementor-element elementor-element-6c9d208 elementor-widget elementor-widget-heading\" data-id=\"6c9d208\" data-element_type=\"widget\" data-e-type=\"widget\" data-widget_type=\"heading.default\">\n\t\t\t\t<div class=\"elementor-widget-container\">\n\t\t\t\t\t<h2 class=\"elementor-heading-title elementor-size-small\">ACREDITA\u00c7\u00c3O DA EMBAIXADORA DA REP\u00daBLICA DE ANGOLA NA REP\u00daBLICA DA FINL\u00c2NDIA (11\/04\/2024)<\/h2>\t\t\t\t<\/div>\n\t\t\t\t<\/div>\n\t\t\t\t\t<\/div>\n\t\t\t\t<\/div>\n\t\t<div class=\"elementor-element elementor-element-392e29c e-flex e-con-boxed e-con e-parent\" data-id=\"392e29c\" data-element_type=\"container\" data-e-type=\"container\">\n\t\t\t\t\t<div class=\"e-con-inner\">\n\t\t\t\t<div class=\"elementor-element elementor-element-41bd880 elementor-widget elementor-widget-image\" data-id=\"41bd880\" data-element_type=\"widget\" data-e-type=\"widget\" data-widget_type=\"image.default\">\n\t\t\t\t<div class=\"elementor-widget-container\">\n\t\t\t\t\t\t\t\t\t\t\t\t\t\t\t<img loading=\"lazy\" decoding=\"async\" width=\"768\" height=\"512\" src=\"https:\/\/angolaemb-se.org\/wp-content\/uploads\/2024\/05\/20240528-sendiherra-angola-3-768x512.jpg\" class=\"attachment-medium_large size-medium_large wp-image-3193\" alt=\"\" srcset=\"https:\/\/angolaemb-se.org\/wp-content\/uploads\/2024\/05\/20240528-sendiherra-angola-3-768x512.jpg 768w, https:\/\/angolaemb-se.org\/wp-content\/uploads\/2024\/05\/20240528-sendiherra-angola-3-400x267.jpg 400w, https:\/\/angolaemb-se.org\/wp-content\/uploads\/2024\/05\/20240528-sendiherra-angola-3-1024x683.jpg 1024w, https:\/\/angolaemb-se.org\/wp-content\/uploads\/2024\/05\/20240528-sendiherra-angola-3-1536x1024.jpg 1536w, https:\/\/angolaemb-se.org\/wp-content\/uploads\/2024\/05\/20240528-sendiherra-angola-3-2048x1365.jpg 2048w\" sizes=\"(max-width: 768px) 100vw, 768px\" \/>\t\t\t\t\t\t\t\t\t\t\t\t\t\t\t<\/div>\n\t\t\t\t<\/div>\n\t\t\t\t<div class=\"elementor-element elementor-element-e3cb4d5 elementor-widget elementor-widget-heading\" data-id=\"e3cb4d5\" data-element_type=\"widget\" data-e-type=\"widget\" data-widget_type=\"heading.default\">\n\t\t\t\t<div class=\"elementor-widget-container\">\n\t\t\t\t\t<h2 class=\"elementor-heading-title elementor-size-small\">ACREDITA\u00c7\u00c3O DA EMBAIXADORA DA REP\u00daBLICA DE ANGOLA NA REP\u00daBLICA DA ISL\u00c2NDIA (28\/05\/2024)<\/h2>\t\t\t\t<\/div>\n\t\t\t\t<\/div>\n\t\t\t\t\t<\/div>\n\t\t\t\t<\/div>\n\t\t<div class=\"elementor-element elementor-element-e7cb9e2 e-flex e-con-boxed e-con e-parent\" data-id=\"e7cb9e2\" data-element_type=\"container\" data-e-type=\"container\">\n\t\t\t\t\t<div class=\"e-con-inner\">\n\t\t\t\t<div class=\"elementor-element elementor-element-bb53f37 elementor-widget elementor-widget-image\" data-id=\"bb53f37\" data-element_type=\"widget\" data-e-type=\"widget\" data-widget_type=\"image.default\">\n\t\t\t\t<div class=\"elementor-widget-container\">\n\t\t\t\t\t\t\t\t\t\t\t\t\t\t\t<img loading=\"lazy\" decoding=\"async\" width=\"768\" height=\"1152\" src=\"https:\/\/angolaemb-se.org\/wp-content\/uploads\/2024\/09\/dinamarca-2-768x1152.jpeg\" class=\"attachment-medium_large size-medium_large wp-image-3276\" alt=\"\" srcset=\"https:\/\/angolaemb-se.org\/wp-content\/uploads\/2024\/09\/dinamarca-2-768x1152.jpeg 768w, https:\/\/angolaemb-se.org\/wp-content\/uploads\/2024\/09\/dinamarca-2-189x284.jpeg 189w, https:\/\/angolaemb-se.org\/wp-content\/uploads\/2024\/09\/dinamarca-2-683x1024.jpeg 683w, https:\/\/angolaemb-se.org\/wp-content\/uploads\/2024\/09\/dinamarca-2-1024x1536.jpeg 1024w, https:\/\/angolaemb-se.org\/wp-content\/uploads\/2024\/09\/dinamarca-2-1365x2048.jpeg 1365w, https:\/\/angolaemb-se.org\/wp-content\/uploads\/2024\/09\/dinamarca-2-scaled.jpeg 1707w\" sizes=\"(max-width: 768px) 100vw, 768px\" \/>\t\t\t\t\t\t\t\t\t\t\t\t\t\t\t<\/div>\n\t\t\t\t<\/div>\n\t\t\t\t<div class=\"elementor-element elementor-element-2e9640e elementor-widget elementor-widget-heading\" data-id=\"2e9640e\" data-element_type=\"widget\" data-e-type=\"widget\" data-widget_type=\"heading.default\">\n\t\t\t\t<div class=\"elementor-widget-container\">\n\t\t\t\t\t<h2 class=\"elementor-heading-title elementor-size-small\">ACREDITA\u00c7\u00c3O DA EMBAIXADORA DA REP\u00daBLICA DE ANGOLA NO REINO DA DINAMARCA (04\/09\/2024)<\/h2>\t\t\t\t<\/div>\n\t\t\t\t<\/div>\n\t\t\t\t\t<\/div>\n\t\t\t\t<\/div>\n\t\t\t\t<\/div>\n\t\t","protected":false},"excerpt":{"rendered":"<p>ACREDITA\u00c7\u00c3O DA EMBAIXADORA DA REP\u00daBLICA DE ANGOLA NO REINO DA SU\u00c9CIA (06\/09\/2023) ACREDITA\u00c7\u00c3O DA EMBAIXADORA DA REP\u00daBLICA DE ANGOLA NA REP\u00daBLICA DA FINL\u00c2NDIA (11\/04\/2024) ACREDITA\u00c7\u00c3O DA EMBAIXADORA DA REP\u00daBLICA DE ANGOLA NA REP\u00daBLICA DA ISL\u00c2NDIA (28\/05\/2024) ACREDITA\u00c7\u00c3O DA EMBAIXADORA DA REP\u00daBLICA DE ANGOLA NO REINO DA DINAMARCA (04\/09\/2024)<\/p>\n","protected":false},"author":1,"featured_media":0,"parent":0,"menu_order":0,"comment_status":"closed","ping_status":"closed","template":"","meta":{"om_disable_all_campaigns":false,"_themeisle_gutenberg_block_has_review":false,"_mc_calendar":[],"footnotes":""},"class_list":["post-2197","page","type-page","status-publish","hentry"],"aioseo_notices":[],"_links":{"self":[{"href":"https:\/\/angolaemb-se.org\/index.php?rest_route=\/wp\/v2\/pages\/2197","targetHints":{"allow":["GET"]}}],"collection":[{"href":"https:\/\/angolaemb-se.org\/index.php?rest_route=\/wp\/v2\/pages"}],"about":[{"href":"https:\/\/angolaemb-se.org\/index.php?rest_route=\/wp\/v2\/types\/page"}],"author":[{"embeddable":true,"href":"https:\/\/angolaemb-se.org\/index.php?rest_route=\/wp\/v2\/users\/1"}],"replies":[{"embeddable":true,"href":"https:\/\/angolaemb-se.org\/index.php?rest_route=%2Fwp%2Fv2%2Fcomments&post=2197"}],"version-history":[{"count":34,"href":"https:\/\/angolaemb-se.org\/index.php?rest_route=\/wp\/v2\/pages\/2197\/revisions"}],"predecessor-version":[{"id":3305,"href":"https:\/\/angolaemb-se.org\/index.php?rest_route=\/wp\/v2\/pages\/2197\/revisions\/3305"}],"wp:attachment":[{"href":"https:\/\/angolaemb-se.org\/index.php?rest_route=%2Fwp%2Fv2%2Fmedia&parent=2197"}],"curies":[{"name":"wp","href":"https:\/\/api.w.org\/{rel}","templated":true}]}}