{"id":2252,"date":"2023-10-21T20:48:28","date_gmt":"2023-10-21T20:48:28","guid":{"rendered":"https:\/\/angolaemb-se.org\/?page_id=2252"},"modified":"2023-11-04T17:08:04","modified_gmt":"2023-11-04T17:08:04","slug":"o-nosso-compromisso","status":"publish","type":"page","link":"https:\/\/angolaemb-se.org\/?page_id=2252","title":{"rendered":"O NOSSO COMPROMISSO"},"content":{"rendered":"\t\t<div data-elementor-type=\"wp-page\" data-elementor-id=\"2252\" class=\"elementor elementor-2252\">\n\t\t\t\t<div class=\"elementor-element elementor-element-12e35b9 e-flex e-con-boxed e-con e-parent\" data-id=\"12e35b9\" data-element_type=\"container\" data-e-type=\"container\">\n\t\t\t\t\t<div class=\"e-con-inner\">\n\t\t\t\t<div class=\"elementor-element elementor-element-4371eac elementor-widget elementor-widget-heading\" data-id=\"4371eac\" data-element_type=\"widget\" data-e-type=\"widget\" data-widget_type=\"heading.default\">\n\t\t\t\t<div class=\"elementor-widget-container\">\n\t\t\t\t\t<h2 class=\"elementor-heading-title elementor-size-medium\">VOTO DE BOAS-VINDAS<\/h2>\t\t\t\t<\/div>\n\t\t\t\t<\/div>\n\t\t\t\t\t<\/div>\n\t\t\t\t<\/div>\n\t\t<div class=\"elementor-element elementor-element-b3a4643 e-flex e-con-boxed e-con e-parent\" data-id=\"b3a4643\" data-element_type=\"container\" data-e-type=\"container\">\n\t\t\t\t\t<div class=\"e-con-inner\">\n\t\t\t\t<div class=\"elementor-element elementor-element-7ac9562 elementor-widget elementor-widget-text-editor\" data-id=\"7ac9562\" data-element_type=\"widget\" data-e-type=\"widget\" data-widget_type=\"text-editor.default\">\n\t\t\t\t<div class=\"elementor-widget-container\">\n\t\t\t\t\t\t\t\t\tBem-vindos (as) \u00e0 p\u00e1gina oficial da\u00a0<strong>Embaixada da Rep\u00fablica de Angola no Reino da Su\u00e9cia e nos Pa\u00edses N\u00f3rdicos<\/strong>.\n\n<p align=\"Justify\">Visando melhor servir a comunidade angolana, investidores, empres\u00e1rios, turistas e todos as pessoas que desejam melhor conhecer Angola, pa\u00eds com in\u00fameras potencialidades, oportunidades de neg\u00f3cio e um povo acolhedor.<\/p>\n\n<p align=\"Justify\">Com intuito de contribuir para o refor\u00e7o da coopera\u00e7\u00e3o bilateral entre Angola, Su\u00e9cia, Filandia, Dinamarca e Isl\u00e2ndia.<\/p>\n\n<p align=\"Justify\">Quero em meu nome pessoal e no do colectivo de funcion\u00e1rios da Embaixada da Rep\u00fablica de Angola no Reino da Su\u00e9cia e nos Pa\u00edses N\u00f3rdicos estabelecer o presente compromisso que visa promover um relacionamento construtivo entre a Embaixada e os seus utentes, visando uma melhor presta\u00e7\u00e3o de servi\u00e7o.<\/p>\t\t\t\t\t\t\t\t<\/div>\n\t\t\t\t<\/div>\n\t\t\t\t\t<\/div>\n\t\t\t\t<\/div>\n\t\t<div class=\"elementor-element elementor-element-517d0e7 e-flex e-con-boxed e-con e-parent\" data-id=\"517d0e7\" data-element_type=\"container\" data-e-type=\"container\">\n\t\t\t\t\t<div class=\"e-con-inner\">\n\t\t<div class=\"elementor-element elementor-element-5ce1ba0 e-con-full e-flex e-con e-child\" data-id=\"5ce1ba0\" data-element_type=\"container\" data-e-type=\"container\">\n\t\t\t\t<div class=\"elementor-element elementor-element-1e3b73c elementor-widget elementor-widget-text-editor\" data-id=\"1e3b73c\" data-element_type=\"widget\" data-e-type=\"widget\" data-widget_type=\"text-editor.default\">\n\t\t\t\t<div class=\"elementor-widget-container\">\n\t\t\t\t\t\t\t\t\t<h4>COMPREMETEMO-NOS A:<\/h4>\n<p align=\"Justify\">1 \u2013 Prestar um servi\u00e7o de qualidade a todos os utentes, sem qualquer tipo de discrimina\u00e7\u00e3o.<\/p>\n<p align=\"Justify\">2 \u2013 Tratar os utentes com profissionalismo, respeito e cortesia de forma justa e imparcial.<\/p>\n<p align=\"Justify\">3 \u2013 Providenciar um ambiente limpo, seguro e confort\u00e1vel, com acessos e instala\u00e7\u00f5es dispon\u00edveis para satisfazer as necessidades b\u00e1sicas dos utentes, incluindo os portadores de necessidades especiais.<\/p>\n<p align=\"Justify\">4 \u2013 Prestar informa\u00e7\u00e3o exacta e actualizada, utilizando uma linguagem clara e simples, por telefone, pessoalmente, ou atrav\u00e9s do nosso website.<\/p>\n<p align=\"Justify\">5 \u2013 Proteger a informa\u00e7\u00e3o recebida dos utentes e os seus dados pessoais e facilitar o acesso a instala\u00e7\u00f5es apropriadas para conversas confidenciais.<\/p>\n<p align=\"Justify\">6 \u2013 Empenharmo-nos em fornecer um servi\u00e7o eficiente e pontual.<\/p>\n<p align=\"Justify\">7 \u2013 Colocar ao disp\u00f4r dos utentes os meios necess\u00e1rios para a apresenta\u00e7\u00e3o de coment\u00e1rios sobre os nossos servi\u00e7os e funcion\u00e1rios; tratar os coment\u00e1rios com seriedade e rapidez, de forma justa e imparcial; e providenciar ao utente a resposta devida.<\/p>\n<p align=\"Justify\">8 \u2013 Implementar as medidas de avalia\u00e7\u00e3o necess\u00e1rias para a melhoria cont\u00ednua dos nossos servi\u00e7os.<\/p>\t\t\t\t\t\t\t\t<\/div>\n\t\t\t\t<\/div>\n\t\t\t\t<\/div>\n\t\t<div class=\"elementor-element elementor-element-4d200e8 e-con-full e-flex e-con e-child\" data-id=\"4d200e8\" data-element_type=\"container\" data-e-type=\"container\">\n\t\t\t\t<div class=\"elementor-element elementor-element-f1e0407 elementor-widget elementor-widget-text-editor\" data-id=\"f1e0407\" data-element_type=\"widget\" data-e-type=\"widget\" data-widget_type=\"text-editor.default\">\n\t\t\t\t<div class=\"elementor-widget-container\">\n\t\t\t\t\t\t\t\t\t<h4>ESPERAMOS DE SI:<\/h4>\n<p align=\"Justify\">1 \u2013 A sua colabora\u00e7\u00e3o para alcan\u00e7armos a qualidade desejada na nossa presta\u00e7\u00e3o.<\/p>\n\n<p align=\"Justify\">2 \u2013 O respeito e trato educado a todos os funcion\u00e1rios do Consulado Geral, bem como o reconhecimento do direito do funcion\u00e1rio \u00e0 dignidade no trabalho.<\/p>\n\n<p align=\"Justify\">3 \u2013 O respeito pela manuten\u00e7\u00e3o da limpeza, seguran\u00e7a e conforto das instala\u00e7\u00f5es e a colabora\u00e7\u00e3o no apoio aos utentes portadores de necessidades especiais.<\/p>\n\n<p align=\"Justify\">4 \u2013 A utiliza\u00e7\u00e3o dos meios dispon\u00edveis para recolher a informa\u00e7\u00e3o necess\u00e1ria para tratar dos seus assuntos.<\/p>\n\n<p align=\"Justify\">5 \u2013 O fornecimento de dados aut\u00eanticos e o respeito \u00e0 privacidade dos restantes utentes.<\/p>\n\n<p align=\"Justify\">6 \u2013 O respeito pelas informa\u00e7\u00f5es e orienta\u00e7\u00f5es recebidas e tamb\u00e9m pelos prazos estabelecidos.<\/p>\n\n<p align=\"Justify\">7 \u2013 A utiliza\u00e7\u00e3o dos meios dispon\u00edveis para apresentar os seus coment\u00e1rios sobre os nossos servi\u00e7os e funcion\u00e1rios. Agradecemos a apresenta\u00e7\u00e3o de reclama\u00e7\u00f5es, bem como de solu\u00e7\u00f5es.<\/p>\n\n<p align=\"Justify\">8 \u2013 O seu contributo para a melhoria dos nossos servi\u00e7os atrav\u00e9s da apresenta\u00e7\u00e3o de sugest\u00f5es.<\/p>\t\t\t\t\t\t\t\t<\/div>\n\t\t\t\t<\/div>\n\t\t\t\t<\/div>\n\t\t\t\t\t<\/div>\n\t\t\t\t<\/div>\n\t\t\t\t<\/div>\n\t\t","protected":false},"excerpt":{"rendered":"<p>VOTO DE BOAS-VINDAS Bem-vindos (as) \u00e0 p\u00e1gina oficial da\u00a0Embaixada da Rep\u00fablica de Angola no Reino da Su\u00e9cia e nos Pa\u00edses N\u00f3rdicos. Visando melhor servir a comunidade angolana, investidores, empres\u00e1rios, turistas e todos as pessoas que desejam melhor conhecer Angola, pa\u00eds com in\u00fameras potencialidades, oportunidades de neg\u00f3cio e um povo acolhedor. Com intuito de contribuir para&hellip;<\/p>\n","protected":false},"author":1,"featured_media":0,"parent":0,"menu_order":0,"comment_status":"closed","ping_status":"closed","template":"","meta":{"om_disable_all_campaigns":false,"_themeisle_gutenberg_block_has_review":false,"_mc_calendar":[],"footnotes":""},"class_list":["post-2252","page","type-page","status-publish","hentry"],"aioseo_notices":[],"_links":{"self":[{"href":"https:\/\/angolaemb-se.org\/index.php?rest_route=\/wp\/v2\/pages\/2252","targetHints":{"allow":["GET"]}}],"collection":[{"href":"https:\/\/angolaemb-se.org\/index.php?rest_route=\/wp\/v2\/pages"}],"about":[{"href":"https:\/\/angolaemb-se.org\/index.php?rest_route=\/wp\/v2\/types\/page"}],"author":[{"embeddable":true,"href":"https:\/\/angolaemb-se.org\/index.php?rest_route=\/wp\/v2\/users\/1"}],"replies":[{"embeddable":true,"href":"https:\/\/angolaemb-se.org\/index.php?rest_route=%2Fwp%2Fv2%2Fcomments&post=2252"}],"version-history":[{"count":13,"href":"https:\/\/angolaemb-se.org\/index.php?rest_route=\/wp\/v2\/pages\/2252\/revisions"}],"predecessor-version":[{"id":2800,"href":"https:\/\/angolaemb-se.org\/index.php?rest_route=\/wp\/v2\/pages\/2252\/revisions\/2800"}],"wp:attachment":[{"href":"https:\/\/angolaemb-se.org\/index.php?rest_route=%2Fwp%2Fv2%2Fmedia&parent=2252"}],"curies":[{"name":"wp","href":"https:\/\/api.w.org\/{rel}","templated":true}]}}