{"id":2292,"date":"2023-10-21T23:19:18","date_gmt":"2023-10-21T23:19:18","guid":{"rendered":"https:\/\/angolaemb-se.org\/?page_id=2292"},"modified":"2023-11-02T23:11:36","modified_gmt":"2023-11-02T23:11:36","slug":"utilidade-publica","status":"publish","type":"page","link":"https:\/\/angolaemb-se.org\/?page_id=2292","title":{"rendered":"UTILIDADE P\u00daBLICA"},"content":{"rendered":"\t\t<div data-elementor-type=\"wp-page\" data-elementor-id=\"2292\" class=\"elementor elementor-2292\">\n\t\t\t\t<div class=\"elementor-element elementor-element-d24853a e-flex e-con-boxed e-con e-parent\" data-id=\"d24853a\" data-element_type=\"container\" data-e-type=\"container\">\n\t\t\t\t\t<div class=\"e-con-inner\">\n\t\t<div class=\"elementor-element elementor-element-7549b6e e-con-full e-flex e-con e-child\" data-id=\"7549b6e\" data-element_type=\"container\" data-e-type=\"container\">\n\t\t\t\t<div class=\"elementor-element elementor-element-4a5b111 elementor-widget elementor-widget-image\" data-id=\"4a5b111\" data-element_type=\"widget\" data-e-type=\"widget\" data-widget_type=\"image.default\">\n\t\t\t\t<div class=\"elementor-widget-container\">\n\t\t\t\t\t\t\t\t\t\t\t\t\t\t\t<img fetchpriority=\"high\" decoding=\"async\" width=\"637\" height=\"898\" src=\"https:\/\/angolaemb-se.org\/wp-content\/uploads\/2023\/10\/CONSTITUICAO-DA-REPUBLICA.png\" class=\"attachment-large size-large wp-image-2298\" alt=\"\" srcset=\"https:\/\/angolaemb-se.org\/wp-content\/uploads\/2023\/10\/CONSTITUICAO-DA-REPUBLICA.png 637w, https:\/\/angolaemb-se.org\/wp-content\/uploads\/2023\/10\/CONSTITUICAO-DA-REPUBLICA-201x284.png 201w\" sizes=\"(max-width: 637px) 100vw, 637px\" \/>\t\t\t\t\t\t\t\t\t\t\t\t\t\t\t<\/div>\n\t\t\t\t<\/div>\n\t\t\t\t<\/div>\n\t\t<div class=\"elementor-element elementor-element-7a1c77b e-con-full e-flex e-con e-child\" data-id=\"7a1c77b\" data-element_type=\"container\" data-e-type=\"container\">\n\t\t\t\t<div class=\"elementor-element elementor-element-d9d6390 elementor-widget elementor-widget-image\" data-id=\"d9d6390\" data-element_type=\"widget\" data-e-type=\"widget\" data-widget_type=\"image.default\">\n\t\t\t\t<div class=\"elementor-widget-container\">\n\t\t\t\t\t\t\t\t\t\t\t\t\t\t\t<img decoding=\"async\" width=\"635\" height=\"896\" src=\"https:\/\/angolaemb-se.org\/wp-content\/uploads\/2023\/10\/CODIGO-PENAL.png\" class=\"attachment-large size-large wp-image-2301\" alt=\"\" srcset=\"https:\/\/angolaemb-se.org\/wp-content\/uploads\/2023\/10\/CODIGO-PENAL.png 635w, https:\/\/angolaemb-se.org\/wp-content\/uploads\/2023\/10\/CODIGO-PENAL-201x284.png 201w\" sizes=\"(max-width: 635px) 100vw, 635px\" \/>\t\t\t\t\t\t\t\t\t\t\t\t\t\t\t<\/div>\n\t\t\t\t<\/div>\n\t\t\t\t<\/div>\n\t\t<div class=\"elementor-element elementor-element-74b948f e-con-full e-flex e-con e-child\" data-id=\"74b948f\" data-element_type=\"container\" data-e-type=\"container\">\n\t\t\t\t<div class=\"elementor-element elementor-element-9f96cb8 elementor-widget__width-initial elementor-widget elementor-widget-image\" data-id=\"9f96cb8\" data-element_type=\"widget\" data-e-type=\"widget\" data-widget_type=\"image.default\">\n\t\t\t\t<div class=\"elementor-widget-container\">\n\t\t\t\t\t\t\t\t\t\t\t\t\t\t\t<img decoding=\"async\" width=\"634\" height=\"866\" src=\"https:\/\/angolaemb-se.org\/wp-content\/uploads\/2023\/10\/ISENCAO-DE-VISTO-DE-TURISMO.png\" class=\"attachment-large size-large wp-image-2299\" alt=\"\" srcset=\"https:\/\/angolaemb-se.org\/wp-content\/uploads\/2023\/10\/ISENCAO-DE-VISTO-DE-TURISMO.png 634w, https:\/\/angolaemb-se.org\/wp-content\/uploads\/2023\/10\/ISENCAO-DE-VISTO-DE-TURISMO-208x284.png 208w\" sizes=\"(max-width: 634px) 100vw, 634px\" \/>\t\t\t\t\t\t\t\t\t\t\t\t\t\t\t<\/div>\n\t\t\t\t<\/div>\n\t\t\t\t<\/div>\n\t\t<div class=\"elementor-element elementor-element-71769ef e-con-full e-flex e-con e-child\" data-id=\"71769ef\" data-element_type=\"container\" data-e-type=\"container\">\n\t\t\t\t<div class=\"elementor-element elementor-element-a0f84aa elementor-widget elementor-widget-image\" data-id=\"a0f84aa\" data-element_type=\"widget\" data-e-type=\"widget\" data-widget_type=\"image.default\">\n\t\t\t\t<div class=\"elementor-widget-container\">\n\t\t\t\t\t\t\t\t\t\t\t\t\t\t\t<img loading=\"lazy\" decoding=\"async\" width=\"637\" height=\"891\" src=\"https:\/\/angolaemb-se.org\/wp-content\/uploads\/2023\/10\/ESTADO-DA-NACAO.png\" class=\"attachment-large size-large wp-image-2297\" alt=\"\" srcset=\"https:\/\/angolaemb-se.org\/wp-content\/uploads\/2023\/10\/ESTADO-DA-NACAO.png 637w, https:\/\/angolaemb-se.org\/wp-content\/uploads\/2023\/10\/ESTADO-DA-NACAO-203x284.png 203w\" sizes=\"(max-width: 637px) 100vw, 637px\" \/>\t\t\t\t\t\t\t\t\t\t\t\t\t\t\t<\/div>\n\t\t\t\t<\/div>\n\t\t\t\t<\/div>\n\t\t\t\t\t<\/div>\n\t\t\t\t<\/div>\n\t\t<div class=\"elementor-element elementor-element-2287059 e-flex e-con-boxed e-con e-parent\" data-id=\"2287059\" data-element_type=\"container\" data-e-type=\"container\">\n\t\t\t\t\t<div class=\"e-con-inner\">\n\t\t<div class=\"elementor-element elementor-element-af39f83 e-con-full e-flex e-con e-child\" data-id=\"af39f83\" data-element_type=\"container\" data-e-type=\"container\">\n\t\t\t\t<div class=\"elementor-element elementor-element-7eb34f3 elementor-align-center elementor-widget elementor-widget-the7_button_widget\" data-id=\"7eb34f3\" data-element_type=\"widget\" data-e-type=\"widget\" data-widget_type=\"the7_button_widget.default\">\n\t\t\t\t<div class=\"elementor-widget-container\">\n\t\t\t\t\t<div class=\"elementor-button-wrapper\"><a href=\"https:\/\/angolaemb-se.org\/wp-content\/uploads\/2023\/10\/CONSTITUICAO-DA-REPUBLICA.pdf\" target=\"_blank\" class=\"box-button elementor-button elementor-size-xs\">Constitui\u00e7\u00e3o da Rep\u00fablica<i aria-hidden=\"true\" class=\"elementor-button-icon fas fa-download\"><\/i><\/a><\/div>\t\t\t\t<\/div>\n\t\t\t\t<\/div>\n\t\t\t\t<\/div>\n\t\t<div class=\"elementor-element elementor-element-c5dcb89 e-con-full e-flex e-con e-child\" data-id=\"c5dcb89\" data-element_type=\"container\" data-e-type=\"container\">\n\t\t\t\t<div class=\"elementor-element elementor-element-f88f8e3 elementor-align-center elementor-widget elementor-widget-the7_button_widget\" data-id=\"f88f8e3\" data-element_type=\"widget\" data-e-type=\"widget\" data-widget_type=\"the7_button_widget.default\">\n\t\t\t\t<div class=\"elementor-widget-container\">\n\t\t\t\t\t<div class=\"elementor-button-wrapper\"><a href=\"https:\/\/angolaemb-se.org\/wp-content\/uploads\/2023\/10\/CODIGO-PENAL.pdf\" target=\"_blank\" class=\"box-button elementor-button elementor-size-xs\">Novo C\u00f3digo-Penal<i aria-hidden=\"true\" class=\"elementor-button-icon fas fa-download\"><\/i><\/a><\/div>\t\t\t\t<\/div>\n\t\t\t\t<\/div>\n\t\t\t\t<\/div>\n\t\t<div class=\"elementor-element elementor-element-921ee9f e-con-full e-flex e-con e-child\" data-id=\"921ee9f\" data-element_type=\"container\" data-e-type=\"container\">\n\t\t\t\t<div class=\"elementor-element elementor-element-8a3e83c elementor-align-center elementor-widget elementor-widget-the7_button_widget\" data-id=\"8a3e83c\" data-element_type=\"widget\" data-e-type=\"widget\" data-widget_type=\"the7_button_widget.default\">\n\t\t\t\t<div class=\"elementor-widget-container\">\n\t\t\t\t\t<div class=\"elementor-button-wrapper\"><a href=\"https:\/\/angolaemb-se.org\/wp-content\/uploads\/2023\/10\/ISENCAO-VISTO-DE-TURISMO.pdf\" target=\"_blank\" class=\"box-button elementor-button elementor-size-xs\">Isen\u00e7\u00e3o de Visto de Turismo<i aria-hidden=\"true\" class=\"elementor-button-icon fas fa-download\"><\/i><\/a><\/div>\t\t\t\t<\/div>\n\t\t\t\t<\/div>\n\t\t\t\t<\/div>\n\t\t<div class=\"elementor-element elementor-element-e6b6116 e-con-full e-flex e-con e-child\" data-id=\"e6b6116\" data-element_type=\"container\" data-e-type=\"container\">\n\t\t\t\t<div class=\"elementor-element elementor-element-2a59068 elementor-align-center elementor-widget elementor-widget-the7_button_widget\" data-id=\"2a59068\" data-element_type=\"widget\" data-e-type=\"widget\" data-widget_type=\"the7_button_widget.default\">\n\t\t\t\t<div class=\"elementor-widget-container\">\n\t\t\t\t\t<div class=\"elementor-button-wrapper\"><a href=\"https:\/\/angolaemb-se.org\/wp-content\/uploads\/2023\/10\/ESTADO-DA-NACAO-2023.pdf\" target=\"_blank\" class=\"box-button elementor-button elementor-size-xs\">Estado da Na\u00e7\u00e3o<i aria-hidden=\"true\" class=\"elementor-button-icon fas fa-download\"><\/i><\/a><\/div>\t\t\t\t<\/div>\n\t\t\t\t<\/div>\n\t\t\t\t<\/div>\n\t\t\t\t\t<\/div>\n\t\t\t\t<\/div>\n\t\t<div class=\"elementor-element elementor-element-b16460f e-flex e-con-boxed e-con e-parent\" data-id=\"b16460f\" data-element_type=\"container\" data-e-type=\"container\">\n\t\t\t\t\t<div class=\"e-con-inner\">\n\t\t<div class=\"elementor-element elementor-element-2093425 e-con-full e-flex e-con e-child\" data-id=\"2093425\" data-element_type=\"container\" data-e-type=\"container\">\n\t\t\t\t<div class=\"elementor-element elementor-element-e9faf29 elementor-widget elementor-widget-image\" data-id=\"e9faf29\" data-element_type=\"widget\" data-e-type=\"widget\" data-widget_type=\"image.default\">\n\t\t\t\t<div class=\"elementor-widget-container\">\n\t\t\t\t\t\t\t\t\t\t\t\t\t\t\t<img loading=\"lazy\" decoding=\"async\" width=\"636\" height=\"897\" src=\"https:\/\/angolaemb-se.org\/wp-content\/uploads\/2023\/10\/COMUNICADO-CHEFES-DE-ESTADO-E-DE-GOVERNO-DA-SADC.png\" class=\"attachment-large size-large wp-image-2302\" alt=\"\" srcset=\"https:\/\/angolaemb-se.org\/wp-content\/uploads\/2023\/10\/COMUNICADO-CHEFES-DE-ESTADO-E-DE-GOVERNO-DA-SADC.png 636w, https:\/\/angolaemb-se.org\/wp-content\/uploads\/2023\/10\/COMUNICADO-CHEFES-DE-ESTADO-E-DE-GOVERNO-DA-SADC-201x284.png 201w\" sizes=\"(max-width: 636px) 100vw, 636px\" \/>\t\t\t\t\t\t\t\t\t\t\t\t\t\t\t<\/div>\n\t\t\t\t<\/div>\n\t\t\t\t<\/div>\n\t\t<div class=\"elementor-element elementor-element-f69390c e-con-full e-flex e-con e-child\" data-id=\"f69390c\" data-element_type=\"container\" data-e-type=\"container\">\n\t\t\t\t<div class=\"elementor-element elementor-element-3d06f6b elementor-widget elementor-widget-image\" data-id=\"3d06f6b\" data-element_type=\"widget\" data-e-type=\"widget\" data-widget_type=\"image.default\">\n\t\t\t\t<div class=\"elementor-widget-container\">\n\t\t\t\t\t\t\t\t\t\t\t\t\t\t\t<img loading=\"lazy\" decoding=\"async\" width=\"636\" height=\"897\" src=\"https:\/\/angolaemb-se.org\/wp-content\/uploads\/2023\/10\/REGIME-VOTO-NO-ESTRANGEIRO.png\" class=\"attachment-large size-large wp-image-2303\" alt=\"\" srcset=\"https:\/\/angolaemb-se.org\/wp-content\/uploads\/2023\/10\/REGIME-VOTO-NO-ESTRANGEIRO.png 636w, https:\/\/angolaemb-se.org\/wp-content\/uploads\/2023\/10\/REGIME-VOTO-NO-ESTRANGEIRO-201x284.png 201w\" sizes=\"(max-width: 636px) 100vw, 636px\" \/>\t\t\t\t\t\t\t\t\t\t\t\t\t\t\t<\/div>\n\t\t\t\t<\/div>\n\t\t\t\t<\/div>\n\t\t<div class=\"elementor-element elementor-element-ac9f8af e-con-full e-flex e-con e-child\" data-id=\"ac9f8af\" data-element_type=\"container\" data-e-type=\"container\">\n\t\t\t\t<div class=\"elementor-element elementor-element-26ab72c elementor-widget elementor-widget-image\" data-id=\"26ab72c\" data-element_type=\"widget\" data-e-type=\"widget\" data-widget_type=\"image.default\">\n\t\t\t\t<div class=\"elementor-widget-container\">\n\t\t\t\t\t\t\t\t\t\t\t\t\t\t\t<img loading=\"lazy\" decoding=\"async\" width=\"597\" height=\"819\" src=\"https:\/\/angolaemb-se.org\/wp-content\/uploads\/2023\/11\/Lei-da-Nacionalidade.png\" class=\"attachment-large size-large wp-image-2705\" alt=\"\" srcset=\"https:\/\/angolaemb-se.org\/wp-content\/uploads\/2023\/11\/Lei-da-Nacionalidade.png 597w, https:\/\/angolaemb-se.org\/wp-content\/uploads\/2023\/11\/Lei-da-Nacionalidade-207x284.png 207w\" sizes=\"(max-width: 597px) 100vw, 597px\" \/>\t\t\t\t\t\t\t\t\t\t\t\t\t\t\t<\/div>\n\t\t\t\t<\/div>\n\t\t\t\t<\/div>\n\t\t<div class=\"elementor-element elementor-element-431b4a3 e-con-full e-flex e-con e-child\" data-id=\"431b4a3\" data-element_type=\"container\" data-e-type=\"container\">\n\t\t\t\t<div class=\"elementor-element elementor-element-61d696f elementor-widget elementor-widget-image\" data-id=\"61d696f\" data-element_type=\"widget\" data-e-type=\"widget\" data-widget_type=\"image.default\">\n\t\t\t\t<div class=\"elementor-widget-container\">\n\t\t\t\t\t\t\t\t\t\t\t\t\t\t\t<img loading=\"lazy\" decoding=\"async\" width=\"634\" height=\"894\" src=\"https:\/\/angolaemb-se.org\/wp-content\/uploads\/2023\/10\/DECRETO-PREDISENCIAL-SOBRE-SITUACAO-DE-CALAMIDADE-PUBLICA.png\" class=\"attachment-large size-large wp-image-2308\" alt=\"\" srcset=\"https:\/\/angolaemb-se.org\/wp-content\/uploads\/2023\/10\/DECRETO-PREDISENCIAL-SOBRE-SITUACAO-DE-CALAMIDADE-PUBLICA.png 634w, https:\/\/angolaemb-se.org\/wp-content\/uploads\/2023\/10\/DECRETO-PREDISENCIAL-SOBRE-SITUACAO-DE-CALAMIDADE-PUBLICA-201x284.png 201w\" sizes=\"(max-width: 634px) 100vw, 634px\" \/>\t\t\t\t\t\t\t\t\t\t\t\t\t\t\t<\/div>\n\t\t\t\t<\/div>\n\t\t\t\t<\/div>\n\t\t\t\t\t<\/div>\n\t\t\t\t<\/div>\n\t\t<div class=\"elementor-element elementor-element-f7d7bfc e-flex e-con-boxed e-con e-parent\" data-id=\"f7d7bfc\" data-element_type=\"container\" data-e-type=\"container\">\n\t\t\t\t\t<div class=\"e-con-inner\">\n\t\t<div class=\"elementor-element elementor-element-489a8f1 e-con-full e-flex e-con e-child\" data-id=\"489a8f1\" data-element_type=\"container\" data-e-type=\"container\">\n\t\t\t\t<div class=\"elementor-element elementor-element-2cfc521 elementor-align-center elementor-widget elementor-widget-the7_button_widget\" data-id=\"2cfc521\" data-element_type=\"widget\" data-e-type=\"widget\" data-widget_type=\"the7_button_widget.default\">\n\t\t\t\t<div class=\"elementor-widget-container\">\n\t\t\t\t\t<div class=\"elementor-button-wrapper\"><a href=\"https:\/\/angolaemb-se.org\/wp-content\/uploads\/2023\/10\/43a-CIMEIRA-SADC.pdf\" target=\"_blank\" class=\"box-button elementor-button elementor-size-xs\">43\u00aa Cimeira SADC<i aria-hidden=\"true\" class=\"elementor-button-icon fas fa-download\"><\/i><\/a><\/div>\t\t\t\t<\/div>\n\t\t\t\t<\/div>\n\t\t\t\t<\/div>\n\t\t<div class=\"elementor-element elementor-element-9013c45 e-con-full e-flex e-con e-child\" data-id=\"9013c45\" data-element_type=\"container\" data-e-type=\"container\">\n\t\t\t\t<div class=\"elementor-element elementor-element-fda5608 elementor-align-center elementor-widget elementor-widget-the7_button_widget\" data-id=\"fda5608\" data-element_type=\"widget\" data-e-type=\"widget\" data-widget_type=\"the7_button_widget.default\">\n\t\t\t\t<div class=\"elementor-widget-container\">\n\t\t\t\t\t<div class=\"elementor-button-wrapper\"><a href=\"https:\/\/angolaemb-se.org\/wp-content\/uploads\/2023\/10\/REGIME-VOTO-NO-ESTRANGEIRO.pdf\" target=\"_blank\" class=\"box-button elementor-button elementor-size-xs\">Regime voto no Estrangeiro<i aria-hidden=\"true\" class=\"elementor-button-icon fas fa-download\"><\/i><\/a><\/div>\t\t\t\t<\/div>\n\t\t\t\t<\/div>\n\t\t\t\t<\/div>\n\t\t<div class=\"elementor-element elementor-element-35e077d e-con-full e-flex e-con e-child\" data-id=\"35e077d\" data-element_type=\"container\" data-e-type=\"container\">\n\t\t\t\t<div class=\"elementor-element elementor-element-cb70873 elementor-align-center elementor-widget elementor-widget-the7_button_widget\" data-id=\"cb70873\" data-element_type=\"widget\" data-e-type=\"widget\" data-widget_type=\"the7_button_widget.default\">\n\t\t\t\t<div class=\"elementor-widget-container\">\n\t\t\t\t\t<div class=\"elementor-button-wrapper\"><a href=\"https:\/\/angolaemb-se.org\/wp-content\/uploads\/2023\/11\/LEI-DA-NACIONALIDADE.pdf\" target=\"_blank\" class=\"box-button elementor-button elementor-size-xs\">Lei da Nacionalidade<i aria-hidden=\"true\" class=\"elementor-button-icon fas fa-download\"><\/i><\/a><\/div>\t\t\t\t<\/div>\n\t\t\t\t<\/div>\n\t\t\t\t<\/div>\n\t\t<div class=\"elementor-element elementor-element-99ad887 e-con-full e-flex e-con e-child\" data-id=\"99ad887\" data-element_type=\"container\" data-e-type=\"container\">\n\t\t\t\t<div class=\"elementor-element elementor-element-3712982 elementor-widget elementor-widget-the7_button_widget\" data-id=\"3712982\" data-element_type=\"widget\" data-e-type=\"widget\" data-widget_type=\"the7_button_widget.default\">\n\t\t\t\t<div class=\"elementor-widget-container\">\n\t\t\t\t\t<div class=\"elementor-button-wrapper\"><a href=\"https:\/\/angolaemb-se.org\/wp-content\/uploads\/2023\/10\/SITUACAO-DE-CALAMIDADE-PUBLICA.pdf\" class=\"box-button elementor-button elementor-size-xs\">Decreto Presidencial sobre Situa\u00e7\u00e3o de Calamidade P\u00fablica<i aria-hidden=\"true\" class=\"elementor-button-icon fas fa-download\"><\/i><\/a><\/div>\t\t\t\t<\/div>\n\t\t\t\t<\/div>\n\t\t\t\t<\/div>\n\t\t\t\t\t<\/div>\n\t\t\t\t<\/div>\n\t\t<div class=\"elementor-element elementor-element-1de5a4c e-flex e-con-boxed e-con e-parent\" data-id=\"1de5a4c\" data-element_type=\"container\" data-e-type=\"container\">\n\t\t\t\t\t<div class=\"e-con-inner\">\n\t\t\t\t<div class=\"elementor-element elementor-element-c53de29 elementor-widget elementor-widget-image\" data-id=\"c53de29\" data-element_type=\"widget\" data-e-type=\"widget\" data-widget_type=\"image.default\">\n\t\t\t\t<div class=\"elementor-widget-container\">\n\t\t\t\t\t\t\t\t\t\t\t\t\t\t\t\t<a href=\"https:\/\/www.governo.gov.ao\/documentos\">\n\t\t\t\t\t\t\t<img loading=\"lazy\" decoding=\"async\" width=\"400\" height=\"45\" src=\"https:\/\/angolaemb-se.org\/wp-content\/uploads\/2023\/10\/gov_angola-2-400x45.png\" class=\"attachment-medium size-medium wp-image-2128\" alt=\"\" srcset=\"https:\/\/angolaemb-se.org\/wp-content\/uploads\/2023\/10\/gov_angola-2-400x45.png 400w, https:\/\/angolaemb-se.org\/wp-content\/uploads\/2023\/10\/gov_angola-2-1024x116.png 1024w, https:\/\/angolaemb-se.org\/wp-content\/uploads\/2023\/10\/gov_angola-2-768x87.png 768w, https:\/\/angolaemb-se.org\/wp-content\/uploads\/2023\/10\/gov_angola-2-1536x174.png 1536w, https:\/\/angolaemb-se.org\/wp-content\/uploads\/2023\/10\/gov_angola-2-2048x233.png 2048w\" sizes=\"(max-width: 400px) 100vw, 400px\" \/>\t\t\t\t\t\t\t\t<\/a>\n\t\t\t\t\t\t\t\t\t\t\t\t\t\t\t<\/div>\n\t\t\t\t<\/div>\n\t\t\t\t\t<\/div>\n\t\t\t\t<\/div>\n\t\t\t\t<\/div>\n\t\t","protected":false},"excerpt":{"rendered":"<p>Constitui\u00e7\u00e3o da Rep\u00fablica Novo C\u00f3digo-Penal Isen\u00e7\u00e3o de Visto de Turismo Estado da Na\u00e7\u00e3o 43\u00aa Cimeira SADC Regime voto no Estrangeiro Lei da Nacionalidade Decreto Presidencial sobre Situa\u00e7\u00e3o de Calamidade P\u00fablica<\/p>\n","protected":false},"author":1,"featured_media":0,"parent":0,"menu_order":0,"comment_status":"closed","ping_status":"closed","template":"","meta":{"om_disable_all_campaigns":false,"_themeisle_gutenberg_block_has_review":false,"_mc_calendar":[],"footnotes":""},"class_list":["post-2292","page","type-page","status-publish","hentry"],"aioseo_notices":[],"_links":{"self":[{"href":"https:\/\/angolaemb-se.org\/index.php?rest_route=\/wp\/v2\/pages\/2292","targetHints":{"allow":["GET"]}}],"collection":[{"href":"https:\/\/angolaemb-se.org\/index.php?rest_route=\/wp\/v2\/pages"}],"about":[{"href":"https:\/\/angolaemb-se.org\/index.php?rest_route=\/wp\/v2\/types\/page"}],"author":[{"embeddable":true,"href":"https:\/\/angolaemb-se.org\/index.php?rest_route=\/wp\/v2\/users\/1"}],"replies":[{"embeddable":true,"href":"https:\/\/angolaemb-se.org\/index.php?rest_route=%2Fwp%2Fv2%2Fcomments&post=2292"}],"version-history":[{"count":25,"href":"https:\/\/angolaemb-se.org\/index.php?rest_route=\/wp\/v2\/pages\/2292\/revisions"}],"predecessor-version":[{"id":2709,"href":"https:\/\/angolaemb-se.org\/index.php?rest_route=\/wp\/v2\/pages\/2292\/revisions\/2709"}],"wp:attachment":[{"href":"https:\/\/angolaemb-se.org\/index.php?rest_route=%2Fwp%2Fv2%2Fmedia&parent=2292"}],"curies":[{"name":"wp","href":"https:\/\/api.w.org\/{rel}","templated":true}]}}