{"id":2459,"date":"2023-10-27T20:49:06","date_gmt":"2023-10-27T20:49:06","guid":{"rendered":"https:\/\/angolaemb-se.org\/?page_id=2459"},"modified":"2023-11-19T21:16:41","modified_gmt":"2023-11-19T21:16:41","slug":"inscricao-consular","status":"publish","type":"page","link":"https:\/\/angolaemb-se.org\/?page_id=2459","title":{"rendered":"INSCRI\u00c7\u00c3O CONSULAR"},"content":{"rendered":"\t\t<div data-elementor-type=\"wp-page\" data-elementor-id=\"2459\" class=\"elementor elementor-2459\">\n\t\t\t\t<div class=\"elementor-element elementor-element-dcb6748 e-flex e-con-boxed e-con e-parent\" data-id=\"dcb6748\" data-element_type=\"container\" data-e-type=\"container\">\n\t\t\t\t\t<div class=\"e-con-inner\">\n\t\t\t\t<div class=\"elementor-element elementor-element-e9d5ace elementor-widget elementor-widget-text-editor\" data-id=\"e9d5ace\" data-element_type=\"widget\" data-e-type=\"widget\" data-widget_type=\"text-editor.default\">\n\t\t\t\t<div class=\"elementor-widget-container\">\n\t\t\t\t\t\t\t\t\t<p>\u00c9 o primeiro acto consular que se pratica a favor de um nacional que esteja a residir no estrangeiro. \u00c9 um acto volunt\u00e1rio, mas obrigat\u00f3rio para a pr\u00e1tica de qualquer outro acto consular, nomeadamente para emiss\u00e3o de passaporte, transcri\u00e7\u00e3o de nascimento, obten\u00e7\u00e3o de procura\u00e7\u00e3o, entre outros documentos.<\/p><h3 id=\"quem-pode-pedir\" class=\"wp-block-heading\">Quem pode pedir?<\/h3><p>Todos os cidad\u00e3os de nacionalidade angolana, maiores ou menores de idade, que estejam a residir no estrangeiro.<\/p><p>\u00c9 obrigat\u00f3ria a presen\u00e7a do(a) requerente, inclusive se for menor, independentemente da idade.<\/p><p>Podem proceder ao registo consular, os cidad\u00e3os angolanos (inclusive menores de idade) residentes legalmente no Reino da Su\u00e9cia, Finl\u00e2ndia, Dinamarca e Isl\u00e2ndia.<\/p><h3 id=\"quem-pode-pedir\" class=\"wp-block-heading\">Como pedir?<\/h3>\t\t\t\t\t\t\t\t<\/div>\n\t\t\t\t<\/div>\n\t\t\t\t<div class=\"elementor-element elementor-element-6685721 elementor-align-right elementor-widget elementor-widget-the7_button_widget\" data-id=\"6685721\" data-element_type=\"widget\" data-e-type=\"widget\" data-widget_type=\"the7_button_widget.default\">\n\t\t\t\t<div class=\"elementor-widget-container\">\n\t\t\t\t\t<div class=\"elementor-button-wrapper\"><a href=\"https:\/\/angolaemb-se.org\/wp-content\/uploads\/2023\/11\/Inscricao-Consular.pdf\" target=\"_blank\" class=\"box-button elementor-button elementor-size-sm\">Descarregue os Requisitos<i aria-hidden=\"true\" class=\"elementor-button-icon fas fa-download\"><\/i><\/a><\/div>\t\t\t\t<\/div>\n\t\t\t\t<\/div>\n\t\t\t\t\t<\/div>\n\t\t\t\t<\/div>\n\t\t\t\t<\/div>\n\t\t","protected":false},"excerpt":{"rendered":"<p>\u00c9 o primeiro acto consular que se pratica a favor de um nacional que esteja a residir no estrangeiro. \u00c9 um acto volunt\u00e1rio, mas obrigat\u00f3rio para a pr\u00e1tica de qualquer outro acto consular, nomeadamente para emiss\u00e3o de passaporte, transcri\u00e7\u00e3o de nascimento, obten\u00e7\u00e3o de procura\u00e7\u00e3o, entre outros documentos. Quem pode pedir? Todos os cidad\u00e3os de nacionalidade&hellip;<\/p>\n","protected":false},"author":1,"featured_media":0,"parent":0,"menu_order":0,"comment_status":"closed","ping_status":"closed","template":"","meta":{"om_disable_all_campaigns":false,"_themeisle_gutenberg_block_has_review":false,"_mc_calendar":[],"footnotes":""},"class_list":["post-2459","page","type-page","status-publish","hentry"],"aioseo_notices":[],"_links":{"self":[{"href":"https:\/\/angolaemb-se.org\/index.php?rest_route=\/wp\/v2\/pages\/2459","targetHints":{"allow":["GET"]}}],"collection":[{"href":"https:\/\/angolaemb-se.org\/index.php?rest_route=\/wp\/v2\/pages"}],"about":[{"href":"https:\/\/angolaemb-se.org\/index.php?rest_route=\/wp\/v2\/types\/page"}],"author":[{"embeddable":true,"href":"https:\/\/angolaemb-se.org\/index.php?rest_route=\/wp\/v2\/users\/1"}],"replies":[{"embeddable":true,"href":"https:\/\/angolaemb-se.org\/index.php?rest_route=%2Fwp%2Fv2%2Fcomments&post=2459"}],"version-history":[{"count":37,"href":"https:\/\/angolaemb-se.org\/index.php?rest_route=\/wp\/v2\/pages\/2459\/revisions"}],"predecessor-version":[{"id":3120,"href":"https:\/\/angolaemb-se.org\/index.php?rest_route=\/wp\/v2\/pages\/2459\/revisions\/3120"}],"wp:attachment":[{"href":"https:\/\/angolaemb-se.org\/index.php?rest_route=%2Fwp%2Fv2%2Fmedia&parent=2459"}],"curies":[{"name":"wp","href":"https:\/\/api.w.org\/{rel}","templated":true}]}}