{"id":2570,"date":"2023-10-31T19:34:57","date_gmt":"2023-10-31T19:34:57","guid":{"rendered":"https:\/\/angolaemb-se.org\/?page_id=2570"},"modified":"2023-11-19T21:11:05","modified_gmt":"2023-11-19T21:11:05","slug":"autenticacao-de-documentos","status":"publish","type":"page","link":"https:\/\/angolaemb-se.org\/?page_id=2570","title":{"rendered":"AUTENTICA\u00c7\u00c3O DE DOCUMENTOS"},"content":{"rendered":"\t\t<div data-elementor-type=\"wp-page\" data-elementor-id=\"2570\" class=\"elementor elementor-2570\">\n\t\t\t\t<div class=\"elementor-element elementor-element-eec521e e-flex e-con-boxed e-con e-parent\" data-id=\"eec521e\" data-element_type=\"container\" data-e-type=\"container\">\n\t\t\t\t\t<div class=\"e-con-inner\">\n\t\t\t\t<div class=\"elementor-element elementor-element-76dd036 elementor-widget elementor-widget-text-editor\" data-id=\"76dd036\" data-element_type=\"widget\" data-e-type=\"widget\" data-widget_type=\"text-editor.default\">\n\t\t\t\t<div class=\"elementor-widget-container\">\n\t\t\t\t\t\t\t\t\t<p>A Autentica\u00e7\u00e3o de Documentos \u00e9 um procedimento para reconhecer a autenticidade de um documento, atribuindo-lhe valor legal.<\/p><div class=\"important\"><h3 id=\"quem-pode-pedir\" class=\"wp-block-heading\">Quem pode pedir?<\/h3><p>Todos os cidad\u00e3os, empresas e ag\u00eancias angolanas ou de outra nacionalidade.<\/p><h3 id=\"como-pedir\" class=\"wp-block-heading\">Como pedir?<\/h3><\/div>\t\t\t\t\t\t\t\t<\/div>\n\t\t\t\t<\/div>\n\t\t\t\t<div class=\"elementor-element elementor-element-dae4bd2 elementor-align-right elementor-widget elementor-widget-the7_button_widget\" data-id=\"dae4bd2\" data-element_type=\"widget\" data-e-type=\"widget\" data-widget_type=\"the7_button_widget.default\">\n\t\t\t\t<div class=\"elementor-widget-container\">\n\t\t\t\t\t<div class=\"elementor-button-wrapper\"><a href=\"https:\/\/angolaemb-se.org\/wp-content\/uploads\/2023\/11\/Autenticacoes.pdf\" target=\"_blank\" class=\"box-button elementor-button elementor-size-sm\">Descarregar Requisitos<i aria-hidden=\"true\" class=\"elementor-button-icon fas fa-download\"><\/i><\/a><\/div>\t\t\t\t<\/div>\n\t\t\t\t<\/div>\n\t\t\t\t\t<\/div>\n\t\t\t\t<\/div>\n\t\t\t\t<\/div>\n\t\t","protected":false},"excerpt":{"rendered":"<p>A Autentica\u00e7\u00e3o de Documentos \u00e9 um procedimento para reconhecer a autenticidade de um documento, atribuindo-lhe valor legal. Quem pode pedir? Todos os cidad\u00e3os, empresas e ag\u00eancias angolanas ou de outra nacionalidade. Como pedir? Descarregar Requisitos<\/p>\n","protected":false},"author":1,"featured_media":0,"parent":0,"menu_order":0,"comment_status":"closed","ping_status":"closed","template":"","meta":{"om_disable_all_campaigns":false,"_themeisle_gutenberg_block_has_review":false,"_mc_calendar":[],"footnotes":""},"class_list":["post-2570","page","type-page","status-publish","hentry"],"aioseo_notices":[],"_links":{"self":[{"href":"https:\/\/angolaemb-se.org\/index.php?rest_route=\/wp\/v2\/pages\/2570","targetHints":{"allow":["GET"]}}],"collection":[{"href":"https:\/\/angolaemb-se.org\/index.php?rest_route=\/wp\/v2\/pages"}],"about":[{"href":"https:\/\/angolaemb-se.org\/index.php?rest_route=\/wp\/v2\/types\/page"}],"author":[{"embeddable":true,"href":"https:\/\/angolaemb-se.org\/index.php?rest_route=\/wp\/v2\/users\/1"}],"replies":[{"embeddable":true,"href":"https:\/\/angolaemb-se.org\/index.php?rest_route=%2Fwp%2Fv2%2Fcomments&post=2570"}],"version-history":[{"count":9,"href":"https:\/\/angolaemb-se.org\/index.php?rest_route=\/wp\/v2\/pages\/2570\/revisions"}],"predecessor-version":[{"id":3106,"href":"https:\/\/angolaemb-se.org\/index.php?rest_route=\/wp\/v2\/pages\/2570\/revisions\/3106"}],"wp:attachment":[{"href":"https:\/\/angolaemb-se.org\/index.php?rest_route=%2Fwp%2Fv2%2Fmedia&parent=2570"}],"curies":[{"name":"wp","href":"https:\/\/api.w.org\/{rel}","templated":true}]}}