{"id":2581,"date":"2023-10-31T19:55:29","date_gmt":"2023-10-31T19:55:29","guid":{"rendered":"https:\/\/angolaemb-se.org\/?page_id=2581"},"modified":"2023-11-19T21:15:18","modified_gmt":"2023-11-19T21:15:18","slug":"declaracoes","status":"publish","type":"page","link":"https:\/\/angolaemb-se.org\/?page_id=2581","title":{"rendered":"DECLARA\u00c7\u00d5ES"},"content":{"rendered":"\t\t<div data-elementor-type=\"wp-page\" data-elementor-id=\"2581\" class=\"elementor elementor-2581\">\n\t\t\t\t<div class=\"elementor-element elementor-element-e61bc43 e-flex e-con-boxed e-con e-parent\" data-id=\"e61bc43\" data-element_type=\"container\" data-e-type=\"container\">\n\t\t\t\t\t<div class=\"e-con-inner\">\n\t\t\t\t<div class=\"elementor-element elementor-element-83dea44 elementor-widget elementor-widget-text-editor\" data-id=\"83dea44\" data-element_type=\"widget\" data-e-type=\"widget\" data-widget_type=\"text-editor.default\">\n\t\t\t\t<div class=\"elementor-widget-container\">\n\t\t\t\t\t\t\t\t\t<p>A emiss\u00e3o de declara\u00e7\u00f5es diversas serve para os cidad\u00e3os comprovarem um determinado facto perante uma entidade.<\/p><p>Existem v\u00e1rios tipos de declara\u00e7\u00f5es, como por exemplo:<\/p><ul><li>Prova de Vida;<\/li><li>De confirma\u00e7\u00e3o da nacionalidade angolana;<\/li><li>Que o cidad\u00e3o n\u00e3o est\u00e1 ao servi\u00e7o do estado de Angola;<\/li><li>Para o Servi\u00e7o de Migra\u00e7\u00e3o e Estrangeiros de Angola (SME);<\/li><li>Outras.<\/li><\/ul><p>Os documentos a apresentar podem variar em fun\u00e7\u00e3o da declara\u00e7\u00e3o que \u00e9 pedida.<\/p><div class=\"important\">\u00a0<\/div>\t\t\t\t\t\t\t\t<\/div>\n\t\t\t\t<\/div>\n\t\t\t\t<div class=\"elementor-element elementor-element-40ae5d0 elementor-widget-divider--view-line elementor-widget elementor-widget-divider\" data-id=\"40ae5d0\" data-element_type=\"widget\" data-e-type=\"widget\" data-widget_type=\"divider.default\">\n\t\t\t\t<div class=\"elementor-widget-container\">\n\t\t\t\t\t\t\t<div class=\"elementor-divider\">\n\t\t\t<span class=\"elementor-divider-separator\">\n\t\t\t\t\t\t<\/span>\n\t\t<\/div>\n\t\t\t\t\t\t<\/div>\n\t\t\t\t<\/div>\n\t\t\t\t\t<\/div>\n\t\t\t\t<\/div>\n\t\t<div class=\"elementor-element elementor-element-61b5bde e-flex e-con-boxed e-con e-parent\" data-id=\"61b5bde\" data-element_type=\"container\" data-e-type=\"container\">\n\t\t\t\t\t<div class=\"e-con-inner\">\n\t\t\t\t<div class=\"elementor-element elementor-element-a4303e4 elementor-widget elementor-widget-text-editor\" data-id=\"a4303e4\" data-element_type=\"widget\" data-e-type=\"widget\" data-widget_type=\"text-editor.default\">\n\t\t\t\t<div class=\"elementor-widget-container\">\n\t\t\t\t\t\t\t\t\t<h3 id=\"quem-pode-pedir\" class=\"wp-block-heading\">Prova de vida<\/h3><p>A Declara\u00e7\u00e3o de Prova de Vida comprova, perante quaisquer entidades, que determinada pessoa est\u00e1 viva.<\/p><h5 id=\"quem-pode-pedir\" class=\"wp-block-heading\">Quem pode pedir?<\/h5><p>Todos os cidad\u00e3os angolanos.<\/p><p>\u00c9 obrigat\u00f3ria a presen\u00e7a da pessoa que pretende pedir a Declara\u00e7\u00e3o de Prova de Vida.<\/p><h5 id=\"como-pedir\" class=\"wp-block-heading\">Como pedir?<\/h5>\t\t\t\t\t\t\t\t<\/div>\n\t\t\t\t<\/div>\n\t\t\t\t<div class=\"elementor-element elementor-element-9724b54 elementor-align-right elementor-widget elementor-widget-the7_button_widget\" data-id=\"9724b54\" data-element_type=\"widget\" data-e-type=\"widget\" data-widget_type=\"the7_button_widget.default\">\n\t\t\t\t<div class=\"elementor-widget-container\">\n\t\t\t\t\t<div class=\"elementor-button-wrapper\"><a href=\"https:\/\/angolaemb-se.org\/wp-content\/uploads\/2023\/11\/Prova-de-Vida.pdf\" target=\"_blank\" class=\"box-button elementor-button elementor-size-sm\">Descarregar Requisitos<i aria-hidden=\"true\" class=\"elementor-button-icon fas fa-download\"><\/i><\/a><\/div>\t\t\t\t<\/div>\n\t\t\t\t<\/div>\n\t\t\t\t<div class=\"elementor-element elementor-element-d87ce33 elementor-widget-divider--view-line elementor-widget elementor-widget-divider\" data-id=\"d87ce33\" data-element_type=\"widget\" data-e-type=\"widget\" data-widget_type=\"divider.default\">\n\t\t\t\t<div class=\"elementor-widget-container\">\n\t\t\t\t\t\t\t<div class=\"elementor-divider\">\n\t\t\t<span class=\"elementor-divider-separator\">\n\t\t\t\t\t\t<\/span>\n\t\t<\/div>\n\t\t\t\t\t\t<\/div>\n\t\t\t\t<\/div>\n\t\t\t\t\t<\/div>\n\t\t\t\t<\/div>\n\t\t<div class=\"elementor-element elementor-element-aad0a47 e-flex e-con-boxed e-con e-parent\" data-id=\"aad0a47\" data-element_type=\"container\" data-e-type=\"container\">\n\t\t\t\t\t<div class=\"e-con-inner\">\n\t\t\t\t<div class=\"elementor-element elementor-element-e064c20 elementor-widget elementor-widget-text-editor\" data-id=\"e064c20\" data-element_type=\"widget\" data-e-type=\"widget\" data-widget_type=\"text-editor.default\">\n\t\t\t\t<div class=\"elementor-widget-container\">\n\t\t\t\t\t\t\t\t\t<h3 id=\"quem-pode-pedir\" class=\"wp-block-heading\">Prova da Nacionalidade<\/h3><p>A Prova da Nacionalidade \u00e9 o documento que certifica a nacionalidade angolana.<\/p><h5 id=\"quem-pode-pedir\" class=\"wp-block-heading\">Quem pode pedir?<\/h5><p>Todos os cidad\u00e3os angolanos.<\/p><p>\u00c9 obrigat\u00f3ria a presen\u00e7a da pessoa que pretende pedir a Prova da Nacionalidade.<\/p><h5 id=\"como-pedir\" class=\"wp-block-heading\">Como pedir?<\/h5><div class=\"important\">\u00a0<\/div>\t\t\t\t\t\t\t\t<\/div>\n\t\t\t\t<\/div>\n\t\t\t\t<div class=\"elementor-element elementor-element-09d8cad elementor-align-right elementor-widget elementor-widget-the7_button_widget\" data-id=\"09d8cad\" data-element_type=\"widget\" data-e-type=\"widget\" data-widget_type=\"the7_button_widget.default\">\n\t\t\t\t<div class=\"elementor-widget-container\">\n\t\t\t\t\t<div class=\"elementor-button-wrapper\"><a href=\"https:\/\/angolaemb-se.org\/wp-content\/uploads\/2023\/11\/Prova-de-Nacionalidade.pdf\" target=\"_blank\" class=\"box-button elementor-button elementor-size-sm\">Descarregar Requisitos<i aria-hidden=\"true\" class=\"elementor-button-icon fas fa-download\"><\/i><\/a><\/div>\t\t\t\t<\/div>\n\t\t\t\t<\/div>\n\t\t\t\t\t<\/div>\n\t\t\t\t<\/div>\n\t\t<div class=\"elementor-element elementor-element-b95f48c e-flex e-con-boxed e-con e-parent\" data-id=\"b95f48c\" data-element_type=\"container\" data-e-type=\"container\">\n\t\t\t\t\t<div class=\"e-con-inner\">\n\t\t\t\t<div class=\"elementor-element elementor-element-008d84d elementor-widget-divider--view-line elementor-widget elementor-widget-divider\" data-id=\"008d84d\" data-element_type=\"widget\" data-e-type=\"widget\" data-widget_type=\"divider.default\">\n\t\t\t\t<div class=\"elementor-widget-container\">\n\t\t\t\t\t\t\t<div class=\"elementor-divider\">\n\t\t\t<span class=\"elementor-divider-separator\">\n\t\t\t\t\t\t<\/span>\n\t\t<\/div>\n\t\t\t\t\t\t<\/div>\n\t\t\t\t<\/div>\n\t\t\t\t<div class=\"elementor-element elementor-element-2db1f25 elementor-widget elementor-widget-text-editor\" data-id=\"2db1f25\" data-element_type=\"widget\" data-e-type=\"widget\" data-widget_type=\"text-editor.default\">\n\t\t\t\t<div class=\"elementor-widget-container\">\n\t\t\t\t\t\t\t\t\t<h3 id=\"quem-pode-pedir\" class=\"wp-block-heading\">Declara\u00e7\u00e3o em como n\u00e3o est\u00e1 ao servi\u00e7o do Estado Angolano<\/h3><p>A Declara\u00e7\u00e3o em como n\u00e3o est\u00e1 ao servi\u00e7o do estado angolano \u00e9 um documento que faz prova em como o cidad\u00e3o n\u00e3o trabalha para o Estado angolano.<\/p><h5 id=\"quem-pode-pedir\" class=\"wp-block-heading\">Quem pode pedir?<\/h5><p>Todos os cidad\u00e3os angolanos maiores de idade.<\/p><p>\u00c9 obrigat\u00f3ria a presen\u00e7a da pessoa que pretende pedir a Declara\u00e7\u00e3o em como n\u00e3o est\u00e1 ao servi\u00e7o do Estado angolano.<\/p><h5 id=\"como-pedir\" class=\"wp-block-heading\">Como pedir?<\/h5>\t\t\t\t\t\t\t\t<\/div>\n\t\t\t\t<\/div>\n\t\t\t\t<div class=\"elementor-element elementor-element-a5ccd60 elementor-align-right elementor-widget elementor-widget-the7_button_widget\" data-id=\"a5ccd60\" data-element_type=\"widget\" data-e-type=\"widget\" data-widget_type=\"the7_button_widget.default\">\n\t\t\t\t<div class=\"elementor-widget-container\">\n\t\t\t\t\t<div class=\"elementor-button-wrapper\"><a href=\"https:\/\/angolaemb-se.org\/wp-content\/uploads\/2023\/11\/Declaracao-em-Como-nao-esta-ao-Servico-Estado-Angolano.pdf\" target=\"_blank\" class=\"box-button elementor-button elementor-size-sm\">Descarregar Requisitos<i aria-hidden=\"true\" class=\"elementor-button-icon fas fa-download\"><\/i><\/a><\/div>\t\t\t\t<\/div>\n\t\t\t\t<\/div>\n\t\t\t\t\t<\/div>\n\t\t\t\t<\/div>\n\t\t\t\t<\/div>\n\t\t","protected":false},"excerpt":{"rendered":"<p>A emiss\u00e3o de declara\u00e7\u00f5es diversas serve para os cidad\u00e3os comprovarem um determinado facto perante uma entidade. Existem v\u00e1rios tipos de declara\u00e7\u00f5es, como por exemplo: Prova de Vida; De confirma\u00e7\u00e3o da nacionalidade angolana; Que o cidad\u00e3o n\u00e3o est\u00e1 ao servi\u00e7o do estado de Angola; Para o Servi\u00e7o de Migra\u00e7\u00e3o e Estrangeiros de Angola (SME); Outras. Os&hellip;<\/p>\n","protected":false},"author":1,"featured_media":0,"parent":0,"menu_order":0,"comment_status":"closed","ping_status":"closed","template":"","meta":{"om_disable_all_campaigns":false,"_themeisle_gutenberg_block_has_review":false,"_mc_calendar":[],"footnotes":""},"class_list":["post-2581","page","type-page","status-publish","hentry"],"aioseo_notices":[],"_links":{"self":[{"href":"https:\/\/angolaemb-se.org\/index.php?rest_route=\/wp\/v2\/pages\/2581","targetHints":{"allow":["GET"]}}],"collection":[{"href":"https:\/\/angolaemb-se.org\/index.php?rest_route=\/wp\/v2\/pages"}],"about":[{"href":"https:\/\/angolaemb-se.org\/index.php?rest_route=\/wp\/v2\/types\/page"}],"author":[{"embeddable":true,"href":"https:\/\/angolaemb-se.org\/index.php?rest_route=\/wp\/v2\/users\/1"}],"replies":[{"embeddable":true,"href":"https:\/\/angolaemb-se.org\/index.php?rest_route=%2Fwp%2Fv2%2Fcomments&post=2581"}],"version-history":[{"count":7,"href":"https:\/\/angolaemb-se.org\/index.php?rest_route=\/wp\/v2\/pages\/2581\/revisions"}],"predecessor-version":[{"id":3116,"href":"https:\/\/angolaemb-se.org\/index.php?rest_route=\/wp\/v2\/pages\/2581\/revisions\/3116"}],"wp:attachment":[{"href":"https:\/\/angolaemb-se.org\/index.php?rest_route=%2Fwp%2Fv2%2Fmedia&parent=2581"}],"curies":[{"name":"wp","href":"https:\/\/api.w.org\/{rel}","templated":true}]}}