{"id":2595,"date":"2023-10-31T20:23:28","date_gmt":"2023-10-31T20:23:28","guid":{"rendered":"https:\/\/angolaemb-se.org\/?page_id=2595"},"modified":"2023-11-19T21:25:36","modified_gmt":"2023-11-19T21:25:36","slug":"recenseamento-militar-2","status":"publish","type":"page","link":"https:\/\/angolaemb-se.org\/?page_id=2595","title":{"rendered":"RECENSEAMENTO MILITAR"},"content":{"rendered":"\t\t<div data-elementor-type=\"wp-page\" data-elementor-id=\"2595\" class=\"elementor elementor-2595\">\n\t\t\t\t<div class=\"elementor-element elementor-element-6ef6490 e-flex e-con-boxed e-con e-parent\" data-id=\"6ef6490\" data-element_type=\"container\" data-e-type=\"container\">\n\t\t\t\t\t<div class=\"e-con-inner\">\n\t\t\t\t<div class=\"elementor-element elementor-element-4ccc367 elementor-widget elementor-widget-text-editor\" data-id=\"4ccc367\" data-element_type=\"widget\" data-e-type=\"widget\" data-widget_type=\"text-editor.default\">\n\t\t\t\t<div class=\"elementor-widget-container\">\n\t\t\t\t\t\t\t\t\t<p>O Recenseamento Militar \u00e9 regulado pela Lei Geral do Servi\u00e7o Militar \u2013 Lei 1\/93 de 26 de Mar\u00e7o de 1993 (clicar).<\/p><p>Nos termos da referida legisla\u00e7\u00e3o, os cidad\u00e3os angolanos do sexo masculino s\u00e3o obrigados a servir nas For\u00e7as Armadas, desde o dia 1 de Janeiro do ano em que completem 18 anos de idade, at\u00e9 ao dia 31 de Dezembro do ano em que completem 45 anos de idade.<\/p><h3 id=\"quem-pode-pedir\" class=\"wp-block-heading\">Quem pode pedir?<\/h3><p>O Recenseamento Militar deve ser feito pelos cidad\u00e3os angolanos do sexo masculino, quer residam ou n\u00e3o em territ\u00f3rio nacional:<\/p><ul><li>no ano em que completam 18 anos;<\/li><li>com idade compreendida entre os 19 e os 45 anos no caso de nunca terem feito o Recenseamento Militar.<\/li><\/ul><p>\u00c9 obrigat\u00f3ria a presen\u00e7a da pessoa que pretende pedir o Recenseamento Militar.<\/p><h3 id=\"quanto-custa\" class=\"wp-block-heading\">Quanto custa?<\/h3><p>N\u00e3o tem qualquer custo.<\/p><h3 id=\"como-pedir\" class=\"wp-block-heading\">Como pedir?<\/h3>\t\t\t\t\t\t\t\t<\/div>\n\t\t\t\t<\/div>\n\t\t\t\t<div class=\"elementor-element elementor-element-da476f6 elementor-align-right elementor-widget elementor-widget-the7_button_widget\" data-id=\"da476f6\" data-element_type=\"widget\" data-e-type=\"widget\" data-widget_type=\"the7_button_widget.default\">\n\t\t\t\t<div class=\"elementor-widget-container\">\n\t\t\t\t\t<div class=\"elementor-button-wrapper\"><a href=\"https:\/\/angolaemb-se.org\/wp-content\/uploads\/2023\/11\/Recenseamento-Militar.pdf\" target=\"_blank\" class=\"box-button elementor-button elementor-size-sm\">Descarregar Requisitos<i aria-hidden=\"true\" class=\"elementor-button-icon fas fa-download\"><\/i><\/a><\/div>\t\t\t\t<\/div>\n\t\t\t\t<\/div>\n\t\t\t\t\t<\/div>\n\t\t\t\t<\/div>\n\t\t\t\t<\/div>\n\t\t","protected":false},"excerpt":{"rendered":"<p>O Recenseamento Militar \u00e9 regulado pela Lei Geral do Servi\u00e7o Militar \u2013 Lei 1\/93 de 26 de Mar\u00e7o de 1993 (clicar). Nos termos da referida legisla\u00e7\u00e3o, os cidad\u00e3os angolanos do sexo masculino s\u00e3o obrigados a servir nas For\u00e7as Armadas, desde o dia 1 de Janeiro do ano em que completem 18 anos de idade, at\u00e9&hellip;<\/p>\n","protected":false},"author":1,"featured_media":0,"parent":0,"menu_order":0,"comment_status":"closed","ping_status":"closed","template":"","meta":{"om_disable_all_campaigns":false,"_themeisle_gutenberg_block_has_review":false,"_mc_calendar":[],"footnotes":""},"class_list":["post-2595","page","type-page","status-publish","hentry"],"aioseo_notices":[],"_links":{"self":[{"href":"https:\/\/angolaemb-se.org\/index.php?rest_route=\/wp\/v2\/pages\/2595","targetHints":{"allow":["GET"]}}],"collection":[{"href":"https:\/\/angolaemb-se.org\/index.php?rest_route=\/wp\/v2\/pages"}],"about":[{"href":"https:\/\/angolaemb-se.org\/index.php?rest_route=\/wp\/v2\/types\/page"}],"author":[{"embeddable":true,"href":"https:\/\/angolaemb-se.org\/index.php?rest_route=\/wp\/v2\/users\/1"}],"replies":[{"embeddable":true,"href":"https:\/\/angolaemb-se.org\/index.php?rest_route=%2Fwp%2Fv2%2Fcomments&post=2595"}],"version-history":[{"count":7,"href":"https:\/\/angolaemb-se.org\/index.php?rest_route=\/wp\/v2\/pages\/2595\/revisions"}],"predecessor-version":[{"id":3140,"href":"https:\/\/angolaemb-se.org\/index.php?rest_route=\/wp\/v2\/pages\/2595\/revisions\/3140"}],"wp:attachment":[{"href":"https:\/\/angolaemb-se.org\/index.php?rest_route=%2Fwp%2Fv2%2Fmedia&parent=2595"}],"curies":[{"name":"wp","href":"https:\/\/api.w.org\/{rel}","templated":true}]}}