{"id":2601,"date":"2023-10-31T20:30:59","date_gmt":"2023-10-31T20:30:59","guid":{"rendered":"https:\/\/angolaemb-se.org\/?page_id=2601"},"modified":"2023-11-19T21:27:30","modified_gmt":"2023-11-19T21:27:30","slug":"reconhecimento-de-assinaturas-2","status":"publish","type":"page","link":"https:\/\/angolaemb-se.org\/?page_id=2601","title":{"rendered":"RECONHECIMENTO DE ASSINATURAS"},"content":{"rendered":"\t\t<div data-elementor-type=\"wp-page\" data-elementor-id=\"2601\" class=\"elementor elementor-2601\">\n\t\t\t\t<div class=\"elementor-element elementor-element-f1f1a93 e-flex e-con-boxed e-con e-parent\" data-id=\"f1f1a93\" data-element_type=\"container\" data-e-type=\"container\">\n\t\t\t\t\t<div class=\"e-con-inner\">\n\t\t\t\t<div class=\"elementor-element elementor-element-85dfba3 elementor-widget elementor-widget-text-editor\" data-id=\"85dfba3\" data-element_type=\"widget\" data-e-type=\"widget\" data-widget_type=\"text-editor.default\">\n\t\t\t\t<div class=\"elementor-widget-container\">\n\t\t\t\t\t\t\t\t\t<p>O Reconhecimento de Assinaturas \u00e9 um meio de certificar que a assinatura que consta num determinado documento \u00e9 fidedigna.<\/p><h3 id=\"quem-pode-pedir\" class=\"wp-block-heading\">Quem pode pedir?<\/h3><p>Todos os cidad\u00e3os angolanos.<\/p><p>\u00c9 obrigat\u00f3ria a presen\u00e7a da pessoa que pretende pedir o Reconhecimento de Assinatura(s).<\/p><h3 id=\"como-pedir\" class=\"wp-block-heading\">Como pedir?<\/h3>\t\t\t\t\t\t\t\t<\/div>\n\t\t\t\t<\/div>\n\t\t\t\t<div class=\"elementor-element elementor-element-94b0e3d elementor-align-right elementor-widget elementor-widget-the7_button_widget\" data-id=\"94b0e3d\" data-element_type=\"widget\" data-e-type=\"widget\" data-widget_type=\"the7_button_widget.default\">\n\t\t\t\t<div class=\"elementor-widget-container\">\n\t\t\t\t\t<div class=\"elementor-button-wrapper\"><a href=\"https:\/\/angolaemb-se.org\/wp-content\/uploads\/2023\/11\/Reconhecimento-de-Assinaturas.pdf\" target=\"_blank\" class=\"box-button elementor-button elementor-size-sm\">Descarregar Requisitos<i aria-hidden=\"true\" class=\"elementor-button-icon fas fa-download\"><\/i><\/a><\/div>\t\t\t\t<\/div>\n\t\t\t\t<\/div>\n\t\t\t\t\t<\/div>\n\t\t\t\t<\/div>\n\t\t\t\t<\/div>\n\t\t","protected":false},"excerpt":{"rendered":"<p>O Reconhecimento de Assinaturas \u00e9 um meio de certificar que a assinatura que consta num determinado documento \u00e9 fidedigna. Quem pode pedir? Todos os cidad\u00e3os angolanos. \u00c9 obrigat\u00f3ria a presen\u00e7a da pessoa que pretende pedir o Reconhecimento de Assinatura(s). Como pedir? Descarregar Requisitos<\/p>\n","protected":false},"author":1,"featured_media":0,"parent":0,"menu_order":0,"comment_status":"closed","ping_status":"closed","template":"","meta":{"om_disable_all_campaigns":false,"_themeisle_gutenberg_block_has_review":false,"_mc_calendar":[],"footnotes":""},"class_list":["post-2601","page","type-page","status-publish","hentry"],"aioseo_notices":[],"_links":{"self":[{"href":"https:\/\/angolaemb-se.org\/index.php?rest_route=\/wp\/v2\/pages\/2601","targetHints":{"allow":["GET"]}}],"collection":[{"href":"https:\/\/angolaemb-se.org\/index.php?rest_route=\/wp\/v2\/pages"}],"about":[{"href":"https:\/\/angolaemb-se.org\/index.php?rest_route=\/wp\/v2\/types\/page"}],"author":[{"embeddable":true,"href":"https:\/\/angolaemb-se.org\/index.php?rest_route=\/wp\/v2\/users\/1"}],"replies":[{"embeddable":true,"href":"https:\/\/angolaemb-se.org\/index.php?rest_route=%2Fwp%2Fv2%2Fcomments&post=2601"}],"version-history":[{"count":7,"href":"https:\/\/angolaemb-se.org\/index.php?rest_route=\/wp\/v2\/pages\/2601\/revisions"}],"predecessor-version":[{"id":3144,"href":"https:\/\/angolaemb-se.org\/index.php?rest_route=\/wp\/v2\/pages\/2601\/revisions\/3144"}],"wp:attachment":[{"href":"https:\/\/angolaemb-se.org\/index.php?rest_route=%2Fwp%2Fv2%2Fmedia&parent=2601"}],"curies":[{"name":"wp","href":"https:\/\/api.w.org\/{rel}","templated":true}]}}