{"id":2607,"date":"2023-10-31T20:36:04","date_gmt":"2023-10-31T20:36:04","guid":{"rendered":"https:\/\/angolaemb-se.org\/?page_id=2607"},"modified":"2023-11-19T21:23:00","modified_gmt":"2023-11-19T21:23:00","slug":"passaporte","status":"publish","type":"page","link":"https:\/\/angolaemb-se.org\/?page_id=2607","title":{"rendered":"PASSAPORTE"},"content":{"rendered":"\t\t<div data-elementor-type=\"wp-page\" data-elementor-id=\"2607\" class=\"elementor elementor-2607\">\n\t\t\t\t<div class=\"elementor-element elementor-element-9998952 e-flex e-con-boxed e-con e-parent\" data-id=\"9998952\" data-element_type=\"container\" data-e-type=\"container\">\n\t\t\t\t\t<div class=\"e-con-inner\">\n\t\t\t\t<div class=\"elementor-element elementor-element-1db38fe elementor-widget elementor-widget-text-editor\" data-id=\"1db38fe\" data-element_type=\"widget\" data-e-type=\"widget\" data-widget_type=\"text-editor.default\">\n\t\t\t\t<div class=\"elementor-widget-container\">\n\t\t\t\t\t\t\t\t\t<p>O Passaporte \u00e9 o documento de viagem que permite ao cidad\u00e3o angolano sair ou entrar em qualquer posto de fronteira angolano e em pa\u00edses estrangeiros, salvo se existir acordo ou conven\u00e7\u00e3o internacional que dispense a sua apresenta\u00e7\u00e3o, constituindo documento bastante para provar a sua identidade perante as autoridades estrangeiras.<\/p>\t\t\t\t\t\t\t\t<\/div>\n\t\t\t\t<\/div>\n\t\t\t\t\t<\/div>\n\t\t\t\t<\/div>\n\t\t<div class=\"elementor-element elementor-element-e853458 e-flex e-con-boxed e-con e-parent\" data-id=\"e853458\" data-element_type=\"container\" data-e-type=\"container\">\n\t\t\t\t\t<div class=\"e-con-inner\">\n\t\t\t\t<div class=\"elementor-element elementor-element-2b47f0e elementor-widget elementor-widget-text-editor\" data-id=\"2b47f0e\" data-element_type=\"widget\" data-e-type=\"widget\" data-widget_type=\"text-editor.default\">\n\t\t\t\t<div class=\"elementor-widget-container\">\n\t\t\t\t\t\t\t\t\t<h3 class=\"wp-block-heading\">Quem pode pedir o 1\u00ba Passaporte?<\/h3><p>Todos os cidad\u00e3os angolanos.<\/p><p>\u00c9 obrigat\u00f3ria a presen\u00e7a da pessoa que pretende pedir o Passaporte.<\/p><h3 class=\"wp-block-heading\">Como pedir?<\/h3>\t\t\t\t\t\t\t\t<\/div>\n\t\t\t\t<\/div>\n\t\t\t\t<div class=\"elementor-element elementor-element-08390e2 elementor-align-right elementor-widget elementor-widget-the7_button_widget\" data-id=\"08390e2\" data-element_type=\"widget\" data-e-type=\"widget\" data-widget_type=\"the7_button_widget.default\">\n\t\t\t\t<div class=\"elementor-widget-container\">\n\t\t\t\t\t<div class=\"elementor-button-wrapper\"><a href=\"https:\/\/angolaemb-se.org\/wp-content\/uploads\/2023\/11\/Passaporte-1_Vez.pdf\" target=\"_blank\" class=\"box-button elementor-button elementor-size-sm\">Descarregar Requisitos<i aria-hidden=\"true\" class=\"elementor-button-icon fas fa-download\"><\/i><\/a><\/div>\t\t\t\t<\/div>\n\t\t\t\t<\/div>\n\t\t\t\t<div class=\"elementor-element elementor-element-346237c elementor-widget-divider--view-line elementor-widget elementor-widget-divider\" data-id=\"346237c\" data-element_type=\"widget\" data-e-type=\"widget\" data-widget_type=\"divider.default\">\n\t\t\t\t<div class=\"elementor-widget-container\">\n\t\t\t\t\t\t\t<div class=\"elementor-divider\">\n\t\t\t<span class=\"elementor-divider-separator\">\n\t\t\t\t\t\t<\/span>\n\t\t<\/div>\n\t\t\t\t\t\t<\/div>\n\t\t\t\t<\/div>\n\t\t\t\t\t<\/div>\n\t\t\t\t<\/div>\n\t\t<div class=\"elementor-element elementor-element-3f513b5 e-flex e-con-boxed e-con e-parent\" data-id=\"3f513b5\" data-element_type=\"container\" data-e-type=\"container\">\n\t\t\t\t\t<div class=\"e-con-inner\">\n\t\t\t\t<div class=\"elementor-element elementor-element-ec2ee15 elementor-widget elementor-widget-text-editor\" data-id=\"ec2ee15\" data-element_type=\"widget\" data-e-type=\"widget\" data-widget_type=\"text-editor.default\">\n\t\t\t\t<div class=\"elementor-widget-container\">\n\t\t\t\t\t\t\t\t\t<h3 class=\"wp-block-heading\">Quem pode pedir a 2\u00aa via do Passaporte?<\/h3><p>Todos os cidad\u00e3os angolanos podem pedir a reemiss\u00e3o do Passaporte por motivo de caducidade \/ altera\u00e7\u00e3o de dados \/ m\u00e1 conserva\u00e7\u00e3o \/ furto ou extravio.<\/p><p>\u00c9 obrigat\u00f3ria a presen\u00e7a da pessoa que pretende pedir a renova\u00e7\u00e3o do Passaporte.<\/p><h3 class=\"wp-block-heading\">Como pedir?<\/h3>\t\t\t\t\t\t\t\t<\/div>\n\t\t\t\t<\/div>\n\t\t\t\t<div class=\"elementor-element elementor-element-e174d55 elementor-align-right elementor-widget elementor-widget-the7_button_widget\" data-id=\"e174d55\" data-element_type=\"widget\" data-e-type=\"widget\" data-widget_type=\"the7_button_widget.default\">\n\t\t\t\t<div class=\"elementor-widget-container\">\n\t\t\t\t\t<div class=\"elementor-button-wrapper\"><a href=\"https:\/\/angolaemb-se.org\/wp-content\/uploads\/2023\/11\/Passaporte-Ordinario-Reemissao.pdf\" target=\"_blank\" class=\"box-button elementor-button elementor-size-sm\">Descarregar Requisitos<i aria-hidden=\"true\" class=\"elementor-button-icon fas fa-download\"><\/i><\/a><\/div>\t\t\t\t<\/div>\n\t\t\t\t<\/div>\n\t\t\t\t\t<\/div>\n\t\t\t\t<\/div>\n\t\t\t\t<\/div>\n\t\t","protected":false},"excerpt":{"rendered":"<p>O Passaporte \u00e9 o documento de viagem que permite ao cidad\u00e3o angolano sair ou entrar em qualquer posto de fronteira angolano e em pa\u00edses estrangeiros, salvo se existir acordo ou conven\u00e7\u00e3o internacional que dispense a sua apresenta\u00e7\u00e3o, constituindo documento bastante para provar a sua identidade perante as autoridades estrangeiras. Quem pode pedir o 1\u00ba Passaporte?&hellip;<\/p>\n","protected":false},"author":1,"featured_media":0,"parent":0,"menu_order":0,"comment_status":"closed","ping_status":"closed","template":"","meta":{"om_disable_all_campaigns":false,"_themeisle_gutenberg_block_has_review":false,"_mc_calendar":[],"footnotes":""},"class_list":["post-2607","page","type-page","status-publish","hentry"],"aioseo_notices":[],"_links":{"self":[{"href":"https:\/\/angolaemb-se.org\/index.php?rest_route=\/wp\/v2\/pages\/2607","targetHints":{"allow":["GET"]}}],"collection":[{"href":"https:\/\/angolaemb-se.org\/index.php?rest_route=\/wp\/v2\/pages"}],"about":[{"href":"https:\/\/angolaemb-se.org\/index.php?rest_route=\/wp\/v2\/types\/page"}],"author":[{"embeddable":true,"href":"https:\/\/angolaemb-se.org\/index.php?rest_route=\/wp\/v2\/users\/1"}],"replies":[{"embeddable":true,"href":"https:\/\/angolaemb-se.org\/index.php?rest_route=%2Fwp%2Fv2%2Fcomments&post=2607"}],"version-history":[{"count":7,"href":"https:\/\/angolaemb-se.org\/index.php?rest_route=\/wp\/v2\/pages\/2607\/revisions"}],"predecessor-version":[{"id":3132,"href":"https:\/\/angolaemb-se.org\/index.php?rest_route=\/wp\/v2\/pages\/2607\/revisions\/3132"}],"wp:attachment":[{"href":"https:\/\/angolaemb-se.org\/index.php?rest_route=%2Fwp%2Fv2%2Fmedia&parent=2607"}],"curies":[{"name":"wp","href":"https:\/\/api.w.org\/{rel}","templated":true}]}}