{"id":2614,"date":"2023-10-31T20:48:08","date_gmt":"2023-10-31T20:48:08","guid":{"rendered":"https:\/\/angolaemb-se.org\/?page_id=2614"},"modified":"2023-11-19T21:29:55","modified_gmt":"2023-11-19T21:29:55","slug":"salvo-conduto-2","status":"publish","type":"page","link":"https:\/\/angolaemb-se.org\/?page_id=2614","title":{"rendered":"SALVO-CONDUTO"},"content":{"rendered":"\t\t<div data-elementor-type=\"wp-page\" data-elementor-id=\"2614\" class=\"elementor elementor-2614\">\n\t\t\t\t<div class=\"elementor-element elementor-element-43d3238 e-flex e-con-boxed e-con e-parent\" data-id=\"43d3238\" data-element_type=\"container\" data-e-type=\"container\">\n\t\t\t\t\t<div class=\"e-con-inner\">\n\t\t\t\t<div class=\"elementor-element elementor-element-4680323 elementor-widget elementor-widget-text-editor\" data-id=\"4680323\" data-element_type=\"widget\" data-e-type=\"widget\" data-widget_type=\"text-editor.default\">\n\t\t\t\t<div class=\"elementor-widget-container\">\n\t\t\t\t\t\t\t\t\t<p>O Salvo-Conduto \u00e9 o documento de identifica\u00e7\u00e3o internacional utilizado pelo cidad\u00e3o nacional para regressar ao territ\u00f3rio da Rep\u00fablica de Angola na aus\u00eancia de passaporte por raz\u00f5es de perda, extravio, furto, destrui\u00e7\u00e3o ou inexist\u00eancia do mesmo.<\/p><p>O Salvo-Conduto \u00e9 v\u00e1lido para uma s\u00f3 viagem e \u00e9 utiliz\u00e1vel no prazo de 30 dias a contar da data da sua emiss\u00e3o.<\/p><h3 id=\"quem-pode-pedir\" class=\"wp-block-heading\">Quem pode pedir?<\/h3><p>Todos os cidad\u00e3os angolanos que pretendam viajar para Angola e que n\u00e3o tenham o seu Passaporte por o terem perdido, extraviado, destru\u00eddo, furtado ou outra circunst\u00e2ncia pela qual n\u00e3o tenham o seu passaporte.<\/p><p>\u00c9 obrigat\u00f3ria a presen\u00e7a da pessoa que pretende pedir o salvo-conduto, incluindo os menores de idade, independentemente da sua idade.<\/p><h3 id=\"como-pedir\" class=\"wp-block-heading\">Como pedir?<\/h3><div class=\"important\">\u00a0<\/div>\t\t\t\t\t\t\t\t<\/div>\n\t\t\t\t<\/div>\n\t\t\t\t<div class=\"elementor-element elementor-element-e942923 elementor-align-right elementor-widget elementor-widget-the7_button_widget\" data-id=\"e942923\" data-element_type=\"widget\" data-e-type=\"widget\" data-widget_type=\"the7_button_widget.default\">\n\t\t\t\t<div class=\"elementor-widget-container\">\n\t\t\t\t\t<div class=\"elementor-button-wrapper\"><a href=\"https:\/\/angolaemb-se.org\/wp-content\/uploads\/2023\/11\/Salvo-Conduto.pdf\" target=\"_blank\" class=\"box-button elementor-button elementor-size-sm\">Descarregar Requisitos<i aria-hidden=\"true\" class=\"elementor-button-icon fas fa-download\"><\/i><\/a><\/div>\t\t\t\t<\/div>\n\t\t\t\t<\/div>\n\t\t\t\t\t<\/div>\n\t\t\t\t<\/div>\n\t\t\t\t<\/div>\n\t\t","protected":false},"excerpt":{"rendered":"<p>O Salvo-Conduto \u00e9 o documento de identifica\u00e7\u00e3o internacional utilizado pelo cidad\u00e3o nacional para regressar ao territ\u00f3rio da Rep\u00fablica de Angola na aus\u00eancia de passaporte por raz\u00f5es de perda, extravio, furto, destrui\u00e7\u00e3o ou inexist\u00eancia do mesmo. O Salvo-Conduto \u00e9 v\u00e1lido para uma s\u00f3 viagem e \u00e9 utiliz\u00e1vel no prazo de 30 dias a contar da data&hellip;<\/p>\n","protected":false},"author":1,"featured_media":0,"parent":0,"menu_order":0,"comment_status":"closed","ping_status":"closed","template":"","meta":{"om_disable_all_campaigns":false,"_themeisle_gutenberg_block_has_review":false,"_mc_calendar":[],"footnotes":""},"class_list":["post-2614","page","type-page","status-publish","hentry"],"aioseo_notices":[],"_links":{"self":[{"href":"https:\/\/angolaemb-se.org\/index.php?rest_route=\/wp\/v2\/pages\/2614","targetHints":{"allow":["GET"]}}],"collection":[{"href":"https:\/\/angolaemb-se.org\/index.php?rest_route=\/wp\/v2\/pages"}],"about":[{"href":"https:\/\/angolaemb-se.org\/index.php?rest_route=\/wp\/v2\/types\/page"}],"author":[{"embeddable":true,"href":"https:\/\/angolaemb-se.org\/index.php?rest_route=\/wp\/v2\/users\/1"}],"replies":[{"embeddable":true,"href":"https:\/\/angolaemb-se.org\/index.php?rest_route=%2Fwp%2Fv2%2Fcomments&post=2614"}],"version-history":[{"count":7,"href":"https:\/\/angolaemb-se.org\/index.php?rest_route=\/wp\/v2\/pages\/2614\/revisions"}],"predecessor-version":[{"id":3152,"href":"https:\/\/angolaemb-se.org\/index.php?rest_route=\/wp\/v2\/pages\/2614\/revisions\/3152"}],"wp:attachment":[{"href":"https:\/\/angolaemb-se.org\/index.php?rest_route=%2Fwp%2Fv2%2Fmedia&parent=2614"}],"curies":[{"name":"wp","href":"https:\/\/api.w.org\/{rel}","templated":true}]}}