{"id":2628,"date":"2023-10-31T21:15:46","date_gmt":"2023-10-31T21:15:46","guid":{"rendered":"https:\/\/angolaemb-se.org\/?page_id=2628"},"modified":"2023-11-14T22:09:47","modified_gmt":"2023-11-14T22:09:47","slug":"forma-de-pagamento","status":"publish","type":"page","link":"https:\/\/angolaemb-se.org\/?page_id=2628","title":{"rendered":"FORMA DE PAGAMENTO"},"content":{"rendered":"\t\t<div data-elementor-type=\"wp-page\" data-elementor-id=\"2628\" class=\"elementor elementor-2628\">\n\t\t\t\t<div class=\"elementor-element elementor-element-3f3f26d e-flex e-con-boxed e-con e-parent\" data-id=\"3f3f26d\" data-element_type=\"container\" data-e-type=\"container\">\n\t\t\t\t\t<div class=\"e-con-inner\">\n\t\t\t\t<div class=\"elementor-element elementor-element-5d6017f elementor-widget elementor-widget-image\" data-id=\"5d6017f\" data-element_type=\"widget\" data-e-type=\"widget\" data-widget_type=\"image.default\">\n\t\t\t\t<div class=\"elementor-widget-container\">\n\t\t\t\t\t\t\t\t\t\t\t\t\t\t\t<img fetchpriority=\"high\" decoding=\"async\" width=\"426\" height=\"240\" src=\"https:\/\/angolaemb-se.org\/wp-content\/uploads\/2023\/10\/payment-one.jpeg\" class=\"attachment-large size-large wp-image-1993\" alt=\"\" srcset=\"https:\/\/angolaemb-se.org\/wp-content\/uploads\/2023\/10\/payment-one.jpeg 426w, https:\/\/angolaemb-se.org\/wp-content\/uploads\/2023\/10\/payment-one-300x169.jpeg 300w\" sizes=\"(max-width: 426px) 100vw, 426px\" \/>\t\t\t\t\t\t\t\t\t\t\t\t\t\t\t<\/div>\n\t\t\t\t<\/div>\n\t\t\t\t\t<\/div>\n\t\t\t\t<\/div>\n\t\t<div class=\"elementor-element elementor-element-8f9b902 e-flex e-con-boxed e-con e-parent\" data-id=\"8f9b902\" data-element_type=\"container\" data-e-type=\"container\">\n\t\t\t\t\t<div class=\"e-con-inner\">\n\t\t\t\t<div class=\"elementor-element elementor-element-dc6aff2 elementor-widget elementor-widget-text-editor\" data-id=\"dc6aff2\" data-element_type=\"widget\" data-e-type=\"widget\" data-widget_type=\"text-editor.default\">\n\t\t\t\t<div class=\"elementor-widget-container\">\n\t\t\t\t\t\t\t\t\t<p>Dep\u00f3sito ou transfer\u00eancia banc\u00e1ria usando os seguintes dados:<\/p><p><b>BANCO: <\/b>SEB (Skandinaviska Enskilda Banken AB)<\/p><p><b>CONTA BANC\u00c1RIA: <\/b>5277-1125889<\/p><p><b>SWIFT CODE\/BIC:<\/b> ESSESESS<\/p><p><b>IBAN<\/b>: SE4950000000052771125889<\/p><p><b>EMAIL: <\/b>consulado.angolaemb-se.org<\/p><p><b>TELEFONE: <\/b>+ 46 (8) 242890<\/p><p><b>MOBILE: <\/b>+ 46 734 926821<\/p><p><b>Ref.: <\/b>(Nome e acto consular requerido \u2013 Ex: Visto, Inscri\u00e7\u00e3o Consular, Passaporte,Salvo-conduto, Autentica\u00e7\u00e3o, etc).<\/p><p><b>IMPORTANTE:<span class=\"Apple-converted-space\">\u00a0<\/span><\/b><\/p><p><b>&#8211;<\/b><b>OS PAGAMENTOS N\u00c3O S\u00c3O REEMBOLS\u00c1VEIS<\/b>.<\/p><p>Por favor certifique que efectua o pagamento com a quantia correcta.<\/p><p><b>&#8211;<\/b><b>O RECIBO DE PAGAMENTO DEVE SER ANEXADO AO PEDIDO.<\/b><\/p><p>Por favor mantenha uma c\u00f3pia do mesmo.<\/p>\t\t\t\t\t\t\t\t<\/div>\n\t\t\t\t<\/div>\n\t\t\t\t\t<\/div>\n\t\t\t\t<\/div>\n\t\t\t\t<\/div>\n\t\t","protected":false},"excerpt":{"rendered":"<p>Dep\u00f3sito ou transfer\u00eancia banc\u00e1ria usando os seguintes dados: BANCO: SEB (Skandinaviska Enskilda Banken AB) CONTA BANC\u00c1RIA: 5277-1125889 SWIFT CODE\/BIC: ESSESESS IBAN: SE4950000000052771125889 EMAIL: consulado.angolaemb-se.org TELEFONE: + 46 (8) 242890 MOBILE: + 46 734 926821 Ref.: (Nome e acto consular requerido \u2013 Ex: Visto, Inscri\u00e7\u00e3o Consular, Passaporte,Salvo-conduto, Autentica\u00e7\u00e3o, etc). IMPORTANTE:\u00a0 &#8211;OS PAGAMENTOS N\u00c3O S\u00c3O REEMBOLS\u00c1VEIS. Por&hellip;<\/p>\n","protected":false},"author":1,"featured_media":0,"parent":0,"menu_order":0,"comment_status":"closed","ping_status":"closed","template":"","meta":{"om_disable_all_campaigns":false,"_themeisle_gutenberg_block_has_review":false,"_mc_calendar":[],"footnotes":""},"class_list":["post-2628","page","type-page","status-publish","hentry"],"aioseo_notices":[],"_links":{"self":[{"href":"https:\/\/angolaemb-se.org\/index.php?rest_route=\/wp\/v2\/pages\/2628","targetHints":{"allow":["GET"]}}],"collection":[{"href":"https:\/\/angolaemb-se.org\/index.php?rest_route=\/wp\/v2\/pages"}],"about":[{"href":"https:\/\/angolaemb-se.org\/index.php?rest_route=\/wp\/v2\/types\/page"}],"author":[{"embeddable":true,"href":"https:\/\/angolaemb-se.org\/index.php?rest_route=\/wp\/v2\/users\/1"}],"replies":[{"embeddable":true,"href":"https:\/\/angolaemb-se.org\/index.php?rest_route=%2Fwp%2Fv2%2Fcomments&post=2628"}],"version-history":[{"count":6,"href":"https:\/\/angolaemb-se.org\/index.php?rest_route=\/wp\/v2\/pages\/2628\/revisions"}],"predecessor-version":[{"id":2957,"href":"https:\/\/angolaemb-se.org\/index.php?rest_route=\/wp\/v2\/pages\/2628\/revisions\/2957"}],"wp:attachment":[{"href":"https:\/\/angolaemb-se.org\/index.php?rest_route=%2Fwp%2Fv2%2Fmedia&parent=2628"}],"curies":[{"name":"wp","href":"https:\/\/api.w.org\/{rel}","templated":true}]}}