{"id":2648,"date":"2023-11-02T20:29:43","date_gmt":"2023-11-02T20:29:43","guid":{"rendered":"https:\/\/angolaemb-se.org\/?page_id=2648"},"modified":"2023-11-19T21:44:01","modified_gmt":"2023-11-19T21:44:01","slug":"vistos","status":"publish","type":"page","link":"https:\/\/angolaemb-se.org\/?page_id=2648","title":{"rendered":"VISTOS"},"content":{"rendered":"\t\t<div data-elementor-type=\"wp-page\" data-elementor-id=\"2648\" class=\"elementor elementor-2648\">\n\t\t\t\t<div class=\"elementor-element elementor-element-9f72543 e-flex e-con-boxed e-con e-parent\" data-id=\"9f72543\" data-element_type=\"container\" data-e-type=\"container\">\n\t\t\t\t\t<div class=\"e-con-inner\">\n\t\t\t\t<div class=\"elementor-element elementor-element-414d61b elementor-widget elementor-widget-text-editor\" data-id=\"414d61b\" data-element_type=\"widget\" data-e-type=\"widget\" data-widget_type=\"text-editor.default\">\n\t\t\t\t<div class=\"elementor-widget-container\">\n\t\t\t\t\t\t\t\t\t<p style=\"text-align: justify;\">O \u201cVisto\u201d \u00e9 uma autoriza\u00e7\u00e3o do Estado angolano, que permite aos cidad\u00e3os estrangeiros transitarem, entrarem e permanecerem em Angola, mediante observ\u00e2ncia dos limites e condicionalismos previstos na Lei.\n\n<p style=\"text-align: justify;\">Todos os cidad\u00e3os estrangeiros que pretendam entrar em Angola dever\u00e3o ser portadores de um visto de entrada concedido pela Miss\u00e3o Diplom\u00e1tica ou Consulado angolano.\t\t\t\t\t\t\t\t<\/div>\n\t\t\t\t<\/div>\n\t\t\t\t\t<\/div>\n\t\t\t\t<\/div>\n\t\t<div class=\"elementor-element elementor-element-baf8ffb e-flex e-con-boxed e-con e-parent\" data-id=\"baf8ffb\" data-element_type=\"container\" data-e-type=\"container\">\n\t\t\t\t\t<div class=\"e-con-inner\">\n\t\t\t\t<div class=\"elementor-element elementor-element-93570a2 elementor-widget elementor-widget-text-editor\" data-id=\"93570a2\" data-element_type=\"widget\" data-e-type=\"widget\" data-widget_type=\"text-editor.default\">\n\t\t\t\t<div class=\"elementor-widget-container\">\n\t\t\t\t\t\t\t\t\t<h3 id=\"quem-pode-pedir\" class=\"wp-block-heading\">Visto de Turismo<\/h3>\n<p style=\"text-align: justify;\">O Visto de Turismo destina-se ao cidad\u00e3o estrangeiro que pretenda entrar na Rep\u00fablica de Angola em visita de car\u00e1cter recreativo, desportivo ou cultural.\n\n<p style=\"text-align: justify;\">O Visto de Turismo n\u00e3o permite ao seu titular a fixa\u00e7\u00e3o de resid\u00eancia em territ\u00f3rio nacional, nem o exerc\u00edcio de qualquer actividade remunerada.\n<h5 id=\"quem-pode-pedir\" class=\"wp-block-heading\">Quem pode pedir?<\/h5>\n<p style=\"text-align: justify;\">Beneficiam deste visto os cidad\u00e3os estrangeiros que pretendam entrar na Rep\u00fablica de Angola em visita de car\u00e1cter recreativo, desportivo ou cultural.\n<h5 id=\"como-pedir\" class=\"wp-block-heading\">Como pedir?<\/h5>\t\t\t\t\t\t\t\t<\/div>\n\t\t\t\t<\/div>\n\t\t\t\t<div class=\"elementor-element elementor-element-5009a3a elementor-align-right elementor-widget elementor-widget-the7_button_widget\" data-id=\"5009a3a\" data-element_type=\"widget\" data-e-type=\"widget\" data-widget_type=\"the7_button_widget.default\">\n\t\t\t\t<div class=\"elementor-widget-container\">\n\t\t\t\t\t<div class=\"elementor-button-wrapper\"><a href=\"https:\/\/angolaemb-se.org\/wp-content\/uploads\/2023\/11\/Visto-de-Turismo_Lei13_19.pdf\" target=\"_blank\" class=\"box-button elementor-button elementor-size-xs\">Descarregar Requisitos<i aria-hidden=\"true\" class=\"elementor-button-icon fas fa-download\"><\/i><\/a><\/div>\t\t\t\t<\/div>\n\t\t\t\t<\/div>\n\t\t\t\t<div class=\"elementor-element elementor-element-25b8db7 elementor-widget-divider--view-line elementor-widget elementor-widget-divider\" data-id=\"25b8db7\" data-element_type=\"widget\" data-e-type=\"widget\" data-widget_type=\"divider.default\">\n\t\t\t\t<div class=\"elementor-widget-container\">\n\t\t\t\t\t\t\t<div class=\"elementor-divider\">\n\t\t\t<span class=\"elementor-divider-separator\">\n\t\t\t\t\t\t<\/span>\n\t\t<\/div>\n\t\t\t\t\t\t<\/div>\n\t\t\t\t<\/div>\n\t\t\t\t\t<\/div>\n\t\t\t\t<\/div>\n\t\t<div class=\"elementor-element elementor-element-b9f85ee e-flex e-con-boxed e-con e-parent\" data-id=\"b9f85ee\" data-element_type=\"container\" data-e-type=\"container\">\n\t\t\t\t\t<div class=\"e-con-inner\">\n\t\t\t\t<div class=\"elementor-element elementor-element-a54133e elementor-widget elementor-widget-text-editor\" data-id=\"a54133e\" data-element_type=\"widget\" data-e-type=\"widget\" data-widget_type=\"text-editor.default\">\n\t\t\t\t<div class=\"elementor-widget-container\">\n\t\t\t\t\t\t\t\t\t<h3 id=\"quem-pode-pedir\" class=\"wp-block-heading\">Visto para Fixa\u00e7\u00e3o de Resid\u00eancia<\/h3>\n<p style=\"text-align: justify;\">O Visto para Fixa\u00e7\u00e3o de Resid\u00eancia, nos termos da Lei 13\/19, \u00e9 concedido ao cidad\u00e3o estrangeiro que pretende fixar resid\u00eancia em territ\u00f3rio nacional.\n\n<p style=\"text-align: justify;\">Deve ser utilizado no prazo de sessenta (60) dias, subsequentes \u00e0 data da sua concess\u00e3o e habilita o seu titular a permanecer em territ\u00f3rio nacional por um per\u00edodo de cento e vinte (120) dias, prorrog\u00e1vel por iguais per\u00edodos, at\u00e9 a decis\u00e3o final do pedido de autoriza\u00e7\u00e3o de resid\u00eancia.\n\n<p style=\"text-align: justify;\">O visto para fixa\u00e7\u00e3o de resid\u00eancia habilita o seu titular ao exerc\u00edcio de actividade profissional remunerada.\n<div class=\"important\">\n<h5 id=\"quem-pode-pedir\" class=\"wp-block-heading\">Quem pode pedir?<\/h5>\nBeneficiam deste visto os cidad\u00e3os estrangeiros que pretendam fixar a sua resid\u00eancia em Angola.\n<h5 id=\"como-pedir\" class=\"wp-block-heading\">Como pedir?<\/h5>\n<\/div>\t\t\t\t\t\t\t\t<\/div>\n\t\t\t\t<\/div>\n\t\t\t\t<div class=\"elementor-element elementor-element-7c0dbd5 elementor-align-right elementor-widget elementor-widget-the7_button_widget\" data-id=\"7c0dbd5\" data-element_type=\"widget\" data-e-type=\"widget\" data-widget_type=\"the7_button_widget.default\">\n\t\t\t\t<div class=\"elementor-widget-container\">\n\t\t\t\t\t<div class=\"elementor-button-wrapper\"><a href=\"https:\/\/angolaemb-se.org\/wp-content\/uploads\/2023\/11\/Visto-Fixacao-de-Residencia_Lei13_19.pdf\" target=\"_blank\" class=\"box-button elementor-button elementor-size-xs\">Descarregar Requisitos<i aria-hidden=\"true\" class=\"elementor-button-icon fas fa-download\"><\/i><\/a><\/div>\t\t\t\t<\/div>\n\t\t\t\t<\/div>\n\t\t\t\t<div class=\"elementor-element elementor-element-c97f980 elementor-widget-divider--view-line elementor-widget elementor-widget-divider\" data-id=\"c97f980\" data-element_type=\"widget\" data-e-type=\"widget\" data-widget_type=\"divider.default\">\n\t\t\t\t<div class=\"elementor-widget-container\">\n\t\t\t\t\t\t\t<div class=\"elementor-divider\">\n\t\t\t<span class=\"elementor-divider-separator\">\n\t\t\t\t\t\t<\/span>\n\t\t<\/div>\n\t\t\t\t\t\t<\/div>\n\t\t\t\t<\/div>\n\t\t\t\t\t<\/div>\n\t\t\t\t<\/div>\n\t\t<div class=\"elementor-element elementor-element-401fb48 e-flex e-con-boxed e-con e-parent\" data-id=\"401fb48\" data-element_type=\"container\" data-e-type=\"container\">\n\t\t\t\t\t<div class=\"e-con-inner\">\n\t\t\t\t<div class=\"elementor-element elementor-element-05d485b elementor-widget elementor-widget-text-editor\" data-id=\"05d485b\" data-element_type=\"widget\" data-e-type=\"widget\" data-widget_type=\"text-editor.default\">\n\t\t\t\t<div class=\"elementor-widget-container\">\n\t\t\t\t\t\t\t\t\t<h3 id=\"como-pedir\" class=\"wp-block-heading\">Visto de Perman\u00eancia Tempor\u00e1ria<\/h3>\n<p style=\"text-align: justify;\">O Visto de Perman\u00eancia Tempor\u00e1ria deve ser utilizado no prazo de sessenta (60) dias subsequentes \u00e0 data da sua concess\u00e3o e permite ao seu titular m\u00faltiplas entradas. O titular deste visto pode permanecer no territ\u00f3rio angolano at\u00e9 trezentos e sessenta e cinco (365) dias, prorrog\u00e1vel sucessivamente at\u00e9 ao t\u00e9rmino da raz\u00e3o que originou a sua concess\u00e3o.\n<h5 id=\"como-pedir\" class=\"wp-block-heading\">Quem pode pedir?<\/h5>\n<p style=\"text-align: justify;\">O Visto de Perman\u00eancia Tempor\u00e1ria destina-se a permitir a entrada em territ\u00f3rio angolano com fundamento no seguinte:\n<ul>\n \t<li>Raz\u00f5es humanit\u00e1rias;<\/li>\n \t<li>Cumprimento de miss\u00e3o a favor de institui\u00e7\u00e3o religiosa;<\/li>\n \t<li>Realiza\u00e7\u00e3o de trabalhos de investiga\u00e7\u00e3o cient\u00edfica;<\/li>\n \t<li>Acompanhamento familiar de titular de visto de estudo, visto de tratamento m\u00e9dico, visto privilegiado ou visto de trabalho;<\/li>\n \t<li>Familiar de titular de autoriza\u00e7\u00e3o de resid\u00eancia v\u00e1lida;<\/li>\n \t<li>C\u00f4njuge de cidad\u00e3o nacional.<\/li>\n<\/ul>\n<h5 id=\"como-pedir\" class=\"wp-block-heading\">Como pedir?<\/h5>\t\t\t\t\t\t\t\t<\/div>\n\t\t\t\t<\/div>\n\t\t\t\t<div class=\"elementor-element elementor-element-cc0fdc0 elementor-align-right elementor-widget elementor-widget-the7_button_widget\" data-id=\"cc0fdc0\" data-element_type=\"widget\" data-e-type=\"widget\" data-widget_type=\"the7_button_widget.default\">\n\t\t\t\t<div class=\"elementor-widget-container\">\n\t\t\t\t\t<div class=\"elementor-button-wrapper\"><a href=\"https:\/\/angolaemb-se.org\/wp-content\/uploads\/2023\/11\/Visto-de-Permanencia-Temporaria.pdf\" target=\"_blank\" class=\"box-button elementor-button elementor-size-xs\">Descarregar Requisitos<i aria-hidden=\"true\" class=\"elementor-button-icon fas fa-download\"><\/i><\/a><\/div>\t\t\t\t<\/div>\n\t\t\t\t<\/div>\n\t\t\t\t<div class=\"elementor-element elementor-element-b99d06b elementor-widget-divider--view-line elementor-widget elementor-widget-divider\" data-id=\"b99d06b\" data-element_type=\"widget\" data-e-type=\"widget\" data-widget_type=\"divider.default\">\n\t\t\t\t<div class=\"elementor-widget-container\">\n\t\t\t\t\t\t\t<div class=\"elementor-divider\">\n\t\t\t<span class=\"elementor-divider-separator\">\n\t\t\t\t\t\t<\/span>\n\t\t<\/div>\n\t\t\t\t\t\t<\/div>\n\t\t\t\t<\/div>\n\t\t\t\t\t<\/div>\n\t\t\t\t<\/div>\n\t\t<div class=\"elementor-element elementor-element-cd0ed4c e-flex e-con-boxed e-con e-parent\" data-id=\"cd0ed4c\" data-element_type=\"container\" data-e-type=\"container\">\n\t\t\t\t\t<div class=\"e-con-inner\">\n\t\t\t\t<div class=\"elementor-element elementor-element-6ec6267 elementor-widget elementor-widget-text-editor\" data-id=\"6ec6267\" data-element_type=\"widget\" data-e-type=\"widget\" data-widget_type=\"text-editor.default\">\n\t\t\t\t<div class=\"elementor-widget-container\">\n\t\t\t\t\t\t\t\t\t<h3 id=\"quem-pode-pedir\" class=\"wp-block-heading\">Visto de Trabalho<\/h3>\n<p style=\"text-align: justify;\">O Visto de Trabalho, concedido ao abrigo da Lei n.\u00ba 13\/19, destina-se a permitir a entrada do seu titular em territ\u00f3rio angolano, a fim de nele exercer, temporariamente, uma actividade profissional remunerada no interesse do Estado ou por conta de outrem.\n\n<p style=\"text-align: justify;\">Este visto deve ser utilizado no prazo de sessenta dias subsequentes \u00e0 data da sua concess\u00e3o e permite ao seu titular m\u00faltiplas entradas e perman\u00eancia at\u00e9 ao termo do contrato de trabalho.\n<h5 id=\"quem-pode-pedir\" class=\"wp-block-heading\">Quem pode pedir?<\/h5>\n<p style=\"text-align: justify;\">O Visto de Trabalho destina-se a permitir a entrada do seu titular em territ\u00f3rio angolano, a fim de nele exercer, temporariamente, uma actividade profissional remunerada no interesse do Estado ou por conta de outrem.\n<h5 id=\"como-pedir\" class=\"wp-block-heading\">Como pedir?<\/h5>\t\t\t\t\t\t\t\t<\/div>\n\t\t\t\t<\/div>\n\t\t\t\t<div class=\"elementor-element elementor-element-3b021a0 elementor-align-right elementor-widget elementor-widget-the7_button_widget\" data-id=\"3b021a0\" data-element_type=\"widget\" data-e-type=\"widget\" data-widget_type=\"the7_button_widget.default\">\n\t\t\t\t<div class=\"elementor-widget-container\">\n\t\t\t\t\t<div class=\"elementor-button-wrapper\"><a href=\"https:\/\/angolaemb-se.org\/wp-content\/uploads\/2023\/11\/Visto-Trabalho_Lei13_19_1.pdf\" target=\"_blank\" class=\"box-button elementor-button elementor-size-xs\">Descarregar Requisitos<i aria-hidden=\"true\" class=\"elementor-button-icon fas fa-download\"><\/i><\/a><\/div>\t\t\t\t<\/div>\n\t\t\t\t<\/div>\n\t\t\t\t<div class=\"elementor-element elementor-element-67a6921 elementor-widget-divider--view-line elementor-widget elementor-widget-divider\" data-id=\"67a6921\" data-element_type=\"widget\" data-e-type=\"widget\" data-widget_type=\"divider.default\">\n\t\t\t\t<div class=\"elementor-widget-container\">\n\t\t\t\t\t\t\t<div class=\"elementor-divider\">\n\t\t\t<span class=\"elementor-divider-separator\">\n\t\t\t\t\t\t<\/span>\n\t\t<\/div>\n\t\t\t\t\t\t<\/div>\n\t\t\t\t<\/div>\n\t\t\t\t\t<\/div>\n\t\t\t\t<\/div>\n\t\t<div class=\"elementor-element elementor-element-cdc43aa e-flex e-con-boxed e-con e-parent\" data-id=\"cdc43aa\" data-element_type=\"container\" data-e-type=\"container\">\n\t\t\t\t\t<div class=\"e-con-inner\">\n\t\t\t\t<div class=\"elementor-element elementor-element-64c2ae3 elementor-widget elementor-widget-text-editor\" data-id=\"64c2ae3\" data-element_type=\"widget\" data-e-type=\"widget\" data-widget_type=\"text-editor.default\">\n\t\t\t\t<div class=\"elementor-widget-container\">\n\t\t\t\t\t\t\t\t\t<h3 id=\"quem-pode-pedir\" class=\"wp-block-heading\">Visto Diplom\u00e1tico, Oficial e de Cortesia<\/h3>\n<p style=\"text-align: justify;\">O Visto Diplom\u00e1tico, \u00e0 luz da Lei n.\u00ba 13\/19, \u00e9 concedido aos cidad\u00e3os estrangeiros, que se deslocam \u00e0 Rep\u00fablica de Angola em visita diplom\u00e1tica, de servi\u00e7o ou de car\u00e1cter oficial.\n<h5 id=\"quem-pode-pedir\" class=\"wp-block-heading\">Quem pode pedir?<\/h5>\n<p style=\"text-align: justify;\">Beneficiam deste visto os cidad\u00e3os estrangeiros que se deslocam \u00e0 Rep\u00fablica de Angola em visita diplom\u00e1tica, de servi\u00e7o ou de car\u00e1cter oficial.\n\nBeneficiam deste visto os cidad\u00e3os estrangeiros que por cortesia do estado angolano \u00e9 lhes concedida a entrada em Angola.\n<h5 id=\"quem-pode-pedir\" class=\"wp-block-heading\">Como pedir?<\/h5>\t\t\t\t\t\t\t\t<\/div>\n\t\t\t\t<\/div>\n\t\t\t\t<div class=\"elementor-element elementor-element-f209251 elementor-align-right elementor-widget elementor-widget-the7_button_widget\" data-id=\"f209251\" data-element_type=\"widget\" data-e-type=\"widget\" data-widget_type=\"the7_button_widget.default\">\n\t\t\t\t<div class=\"elementor-widget-container\">\n\t\t\t\t\t<div class=\"elementor-button-wrapper\"><a href=\"https:\/\/angolaemb-se.org\/wp-content\/uploads\/2023\/11\/Visto-Diplomatico-Oficial-Cortesia_Lei13_19.pdf\" target=\"_blank\" class=\"box-button elementor-button elementor-size-xs\">Descarregar Requisitos<i aria-hidden=\"true\" class=\"elementor-button-icon fas fa-download\"><\/i><\/a><\/div>\t\t\t\t<\/div>\n\t\t\t\t<\/div>\n\t\t\t\t<div class=\"elementor-element elementor-element-d472aab elementor-widget-divider--view-line elementor-widget elementor-widget-divider\" data-id=\"d472aab\" data-element_type=\"widget\" data-e-type=\"widget\" data-widget_type=\"divider.default\">\n\t\t\t\t<div class=\"elementor-widget-container\">\n\t\t\t\t\t\t\t<div class=\"elementor-divider\">\n\t\t\t<span class=\"elementor-divider-separator\">\n\t\t\t\t\t\t<\/span>\n\t\t<\/div>\n\t\t\t\t\t\t<\/div>\n\t\t\t\t<\/div>\n\t\t\t\t\t<\/div>\n\t\t\t\t<\/div>\n\t\t<div class=\"elementor-element elementor-element-f5f6ebd e-flex e-con-boxed e-con e-parent\" data-id=\"f5f6ebd\" data-element_type=\"container\" data-e-type=\"container\">\n\t\t\t\t\t<div class=\"e-con-inner\">\n\t\t\t\t<div class=\"elementor-element elementor-element-21008c7 elementor-widget elementor-widget-text-editor\" data-id=\"21008c7\" data-element_type=\"widget\" data-e-type=\"widget\" data-widget_type=\"text-editor.default\">\n\t\t\t\t<div class=\"elementor-widget-container\">\n\t\t\t\t\t\t\t\t\t<h3 id=\"quem-pode-pedir\" class=\"wp-block-heading\">Visto de Curta Dura\u00e7\u00e3o<\/h3>\n<p style=\"text-align: justify;\">O Visto de Curta Dura\u00e7\u00e3o \u00e9 concedido, nos termos da Lei 13\/19, ao cidad\u00e3o estrangeiro que tenha necessidade de entrar em territ\u00f3rio nacional por raz\u00f5es de urg\u00eancia. Este visto deve ser utilizado no prazo de 72 horas e permite ao cidad\u00e3o estrangeiro a perman\u00eancia em territ\u00f3rio nacional at\u00e9 sete (7) dias, prorrog\u00e1vel por igual per\u00edodo de tempo.\n<div class=\"important\">\n<h5 id=\"quem-pode-pedir\" class=\"wp-block-heading\">Quem pode pedir?<\/h5>\n<p style=\"text-align: justify;\">Este tipo de visto \u00e9 concedido aos cidad\u00e3os estrangeiros, que por motivos de urg\u00eancia tenham necessidade de entrar em Angola.\n<h5 id=\"como-pedir\" class=\"wp-block-heading\">Como pedir?<\/h5>\n<\/div>\t\t\t\t\t\t\t\t<\/div>\n\t\t\t\t<\/div>\n\t\t\t\t<div class=\"elementor-element elementor-element-5766cb9 elementor-align-right elementor-widget elementor-widget-the7_button_widget\" data-id=\"5766cb9\" data-element_type=\"widget\" data-e-type=\"widget\" data-widget_type=\"the7_button_widget.default\">\n\t\t\t\t<div class=\"elementor-widget-container\">\n\t\t\t\t\t<div class=\"elementor-button-wrapper\"><a href=\"https:\/\/angolaemb-se.org\/wp-content\/uploads\/2023\/11\/Visto-de-Curta-Duracao_Lei13_19.pdf\" target=\"_blank\" class=\"box-button elementor-button elementor-size-xs\">Descarregar Requisitos<i aria-hidden=\"true\" class=\"elementor-button-icon fas fa-download\"><\/i><\/a><\/div>\t\t\t\t<\/div>\n\t\t\t\t<\/div>\n\t\t\t\t\t<\/div>\n\t\t\t\t<\/div>\n\t\t<div class=\"elementor-element elementor-element-ec66202 e-flex e-con-boxed e-con e-parent\" data-id=\"ec66202\" data-element_type=\"container\" data-e-type=\"container\">\n\t\t\t\t\t<div class=\"e-con-inner\">\n\t\t\t\t<div class=\"elementor-element elementor-element-dc8e36c elementor-widget-divider--view-line elementor-widget elementor-widget-divider\" data-id=\"dc8e36c\" data-element_type=\"widget\" data-e-type=\"widget\" data-widget_type=\"divider.default\">\n\t\t\t\t<div class=\"elementor-widget-container\">\n\t\t\t\t\t\t\t<div class=\"elementor-divider\">\n\t\t\t<span class=\"elementor-divider-separator\">\n\t\t\t\t\t\t<\/span>\n\t\t<\/div>\n\t\t\t\t\t\t<\/div>\n\t\t\t\t<\/div>\n\t\t\t\t<div class=\"elementor-element elementor-element-aea77e1 elementor-widget elementor-widget-text-editor\" data-id=\"aea77e1\" data-element_type=\"widget\" data-e-type=\"widget\" data-widget_type=\"text-editor.default\">\n\t\t\t\t<div class=\"elementor-widget-container\">\n\t\t\t\t\t\t\t\t\t<h3 id=\"quem-pode-pedir\" class=\"wp-block-heading\">Visto de Tr\u00e2nsito<\/h3>\n<p style=\"text-align: justify;\">O Visto de Tr\u00e2nsito \u00e9 concedido ao cidad\u00e3o estrangeiro que, para atingir o pa\u00eds de destino, tenha de fazer escala em territ\u00f3rio angolano.\n\n<p style=\"text-align: justify;\">O Visto de Tr\u00e2nsito deve ser utilizado no prazo de sessenta (60) dias ap\u00f3s a data da sua concess\u00e3o e permite a perman\u00eancia no territ\u00f3rio angolano at\u00e9 cinco dias. Este visto \u00e9 valido para uma ou duas entradas e n\u00e3o \u00e9 prorrog\u00e1vel.\n<div class=\"important\">\n<h5 id=\"quem-pode-pedir\" class=\"wp-block-heading\">Quem pode pedir?<\/h5>\n<p style=\"text-align: justify;\">O Visto de Tr\u00e2nsito \u00e9 concedido ao cidad\u00e3o estrangeiro que, para atingir o pa\u00eds de destino, tenha de fazer escala em territ\u00f3rio angolano.\n<h5 id=\"como-pedir\" class=\"wp-block-heading\">Como pedir?<\/h5>\n<\/div>\t\t\t\t\t\t\t\t<\/div>\n\t\t\t\t<\/div>\n\t\t\t\t<div class=\"elementor-element elementor-element-e6c1614 elementor-align-right elementor-widget elementor-widget-the7_button_widget\" data-id=\"e6c1614\" data-element_type=\"widget\" data-e-type=\"widget\" data-widget_type=\"the7_button_widget.default\">\n\t\t\t\t<div class=\"elementor-widget-container\">\n\t\t\t\t\t<div class=\"elementor-button-wrapper\"><a href=\"https:\/\/angolaemb-se.org\/wp-content\/uploads\/2023\/11\/Visto-de-Transito.pdf\" target=\"_blank\" class=\"box-button elementor-button elementor-size-xs\">Descarregar Requisitos<i aria-hidden=\"true\" class=\"elementor-button-icon fas fa-download\"><\/i><\/a><\/div>\t\t\t\t<\/div>\n\t\t\t\t<\/div>\n\t\t\t\t\t<\/div>\n\t\t\t\t<\/div>\n\t\t<div class=\"elementor-element elementor-element-01d0557 e-flex e-con-boxed e-con e-parent\" data-id=\"01d0557\" data-element_type=\"container\" data-e-type=\"container\">\n\t\t\t\t\t<div class=\"e-con-inner\">\n\t\t\t\t<div class=\"elementor-element elementor-element-e641465 elementor-widget-divider--view-line elementor-widget elementor-widget-divider\" data-id=\"e641465\" data-element_type=\"widget\" data-e-type=\"widget\" data-widget_type=\"divider.default\">\n\t\t\t\t<div class=\"elementor-widget-container\">\n\t\t\t\t\t\t\t<div class=\"elementor-divider\">\n\t\t\t<span class=\"elementor-divider-separator\">\n\t\t\t\t\t\t<\/span>\n\t\t<\/div>\n\t\t\t\t\t\t<\/div>\n\t\t\t\t<\/div>\n\t\t\t\t<div class=\"elementor-element elementor-element-bd6213e elementor-widget elementor-widget-text-editor\" data-id=\"bd6213e\" data-element_type=\"widget\" data-e-type=\"widget\" data-widget_type=\"text-editor.default\">\n\t\t\t\t<div class=\"elementor-widget-container\">\n\t\t\t\t\t\t\t\t\t<h3 id=\"quem-pode-pedir\" class=\"wp-block-heading\">Visto de Estudo<\/h3>\n<p style=\"text-align: justify;\">O Visto de Estudo, \u00e0 luz da Lei 13\/19, \u00e9 concedido ao cidad\u00e3o estrangeiro que pretenda frequentar um programa de estudo em escolas p\u00fablicas ou privadas da Rep\u00fablica de Angola, para a obten\u00e7\u00e3o de grau acad\u00e9mico ou profissional ou para realizar est\u00e1gios em empresas e servi\u00e7os p\u00fablicos ou privados.\n\n<p style=\"text-align: justify;\">O Visto de Estudo deve ser utilizado no prazo de sessenta (60) dias subsequentes \u00e0 data da sua concess\u00e3o e permite ao seu titular uma perman\u00eancia de um ano, prorrog\u00e1vel por igual per\u00edodo, at\u00e9 ao termo dos estudos.\n\n<p style=\"text-align: justify;\">Este visto serve para m\u00faltiplas entradas e n\u00e3o permite ao seu titular fixa\u00e7\u00e3o de resid\u00eancia em territ\u00f3rio nacional, nem o exerc\u00edcio de actividade remunerada, excepto para o est\u00e1gio relacionado com a forma\u00e7\u00e3o.\n<h5 id=\"quem-pode-pedir\" class=\"wp-block-heading\">Quem pode pedir?<\/h5>\n<p style=\"text-align: justify;\">O Visto de Estudo \u00e9 concedido ao cidad\u00e3o estrangeiro que pretenda frequentar um programa de estudo em escolas p\u00fablicas ou privadas da Rep\u00fablica de Angola, para a obten\u00e7\u00e3o de grau acad\u00e9mico ou profissional ou para realizar est\u00e1gios em empresas e servi\u00e7os p\u00fablicos ou privados.\n<h5 id=\"como-pedir\" class=\"wp-block-heading\">Como pedir?<\/h5>\t\t\t\t\t\t\t\t<\/div>\n\t\t\t\t<\/div>\n\t\t\t\t<div class=\"elementor-element elementor-element-4f5dab7 elementor-align-right elementor-widget elementor-widget-the7_button_widget\" data-id=\"4f5dab7\" data-element_type=\"widget\" data-e-type=\"widget\" data-widget_type=\"the7_button_widget.default\">\n\t\t\t\t<div class=\"elementor-widget-container\">\n\t\t\t\t\t<div class=\"elementor-button-wrapper\"><a href=\"https:\/\/angolaemb-se.org\/wp-content\/uploads\/2023\/11\/Visto-Estudo_Lei13_19.pdf\" target=\"_blank\" class=\"box-button elementor-button elementor-size-xs\">Descarregar Requisitos<i aria-hidden=\"true\" class=\"elementor-button-icon fas fa-download\"><\/i><\/a><\/div>\t\t\t\t<\/div>\n\t\t\t\t<\/div>\n\t\t\t\t\t<\/div>\n\t\t\t\t<\/div>\n\t\t\t\t<\/div>\n\t\t","protected":false},"excerpt":{"rendered":"<p>O \u201cVisto\u201d \u00e9 uma autoriza\u00e7\u00e3o do Estado angolano, que permite aos cidad\u00e3os estrangeiros transitarem, entrarem e permanecerem em Angola, mediante observ\u00e2ncia dos limites e condicionalismos previstos na Lei. Todos os cidad\u00e3os estrangeiros que pretendam entrar em Angola dever\u00e3o ser portadores de um visto de entrada concedido pela Miss\u00e3o Diplom\u00e1tica ou Consulado angolano. Visto de Turismo&hellip;<\/p>\n","protected":false},"author":1,"featured_media":0,"parent":0,"menu_order":0,"comment_status":"closed","ping_status":"closed","template":"","meta":{"om_disable_all_campaigns":false,"_themeisle_gutenberg_block_has_review":false,"_mc_calendar":[],"footnotes":""},"class_list":["post-2648","page","type-page","status-publish","hentry"],"aioseo_notices":[],"_links":{"self":[{"href":"https:\/\/angolaemb-se.org\/index.php?rest_route=\/wp\/v2\/pages\/2648","targetHints":{"allow":["GET"]}}],"collection":[{"href":"https:\/\/angolaemb-se.org\/index.php?rest_route=\/wp\/v2\/pages"}],"about":[{"href":"https:\/\/angolaemb-se.org\/index.php?rest_route=\/wp\/v2\/types\/page"}],"author":[{"embeddable":true,"href":"https:\/\/angolaemb-se.org\/index.php?rest_route=\/wp\/v2\/users\/1"}],"replies":[{"embeddable":true,"href":"https:\/\/angolaemb-se.org\/index.php?rest_route=%2Fwp%2Fv2%2Fcomments&post=2648"}],"version-history":[{"count":25,"href":"https:\/\/angolaemb-se.org\/index.php?rest_route=\/wp\/v2\/pages\/2648\/revisions"}],"predecessor-version":[{"id":3169,"href":"https:\/\/angolaemb-se.org\/index.php?rest_route=\/wp\/v2\/pages\/2648\/revisions\/3169"}],"wp:attachment":[{"href":"https:\/\/angolaemb-se.org\/index.php?rest_route=%2Fwp%2Fv2%2Fmedia&parent=2648"}],"curies":[{"name":"wp","href":"https:\/\/api.w.org\/{rel}","templated":true}]}}